{"id":1739,"date":"2021-06-17T16:46:02","date_gmt":"2021-06-17T14:46:02","guid":{"rendered":"http:\/\/www.waterologies.com\/www\/es\/?page_id=1739"},"modified":"2021-07-20T11:28:12","modified_gmt":"2021-07-20T09:28:12","slug":"pure-water-box-2","status":"publish","type":"page","link":"https:\/\/www.waterologies.com\/es\/pure-water-box-2\/","title":{"rendered":"Pure water Box"},"content":{"rendered":"<p><span style=\"font-weight: 400;\"><div  class=\"grve-section\" >  <div class=\"grve-row\">\n\t\t<div class=\"wpb_column grve-column-1\">\n\t\t\t<div class=\"grve-element grve-slogan grve-align-center\" style=\"\"><div class=\"grve-slogan-subtitle\">Se acab\u00f3 el agua embotellada.<\/div><h1 class=\"grve-slogan-title grve-align-center grve-title-no-line\">Fabricantes de agua potable en casos de emergencia<\/h1>  <p>Grandes cantidades de agua (hasta 2000 litros al d\u00eda) sin bacterias y lista para beber.<\/p><\/div><\/span><\/p>\n\n\n<div class=\"wp-block-columns\">\n<div class=\"wp-block-column\">\n<div class=\"wp-block-columns\">\n<div class=\"wp-block-column\">\n<div class=\"wp-block-group\"><div class=\"wp-block-group__inner-container\">\n<figure class=\"wp-block-image size-large\"><a href=\"http:\/\/www.waterologies.com\/www\/wp-content\/uploads\/2021\/06\/PACK_2.jpg\"><img loading=\"lazy\" width=\"1024\" height=\"1024\" src=\"http:\/\/www.waterologies.com\/www\/wp-content\/uploads\/2021\/06\/PACK_2-1024x1024.jpg\" alt=\"\" class=\"wp-image-2041\" srcset=\"https:\/\/www.waterologies.com\/www\/wp-content\/uploads\/2021\/06\/PACK_2-1024x1024.jpg 1024w, https:\/\/www.waterologies.com\/www\/wp-content\/uploads\/2021\/06\/PACK_2-300x300.jpg 300w, https:\/\/www.waterologies.com\/www\/wp-content\/uploads\/2021\/06\/PACK_2-150x150.jpg 150w, https:\/\/www.waterologies.com\/www\/wp-content\/uploads\/2021\/06\/PACK_2-768x768.jpg 768w, https:\/\/www.waterologies.com\/www\/wp-content\/uploads\/2021\/06\/PACK_2-80x80.jpg 80w, https:\/\/www.waterologies.com\/www\/wp-content\/uploads\/2021\/06\/PACK_2-430x430.jpg 430w, https:\/\/www.waterologies.com\/www\/wp-content\/uploads\/2021\/06\/PACK_2-560x560.jpg 560w, https:\/\/www.waterologies.com\/www\/wp-content\/uploads\/2021\/06\/PACK_2-1170x1170.jpg 1170w, https:\/\/www.waterologies.com\/www\/wp-content\/uploads\/2021\/06\/PACK_2.jpg 1500w\" sizes=\"(max-width: 1024px) 100vw, 1024px\" \/><\/a><\/figure>\n<\/div><\/div>\n<\/div>\n\n\n\n<div class=\"wp-block-column\">\n<h5><strong>Pure Water Phone Box<\/strong><\/h5>\n<p>Pure Water Phone Box es el primer botiqu\u00edn para proporcionar agua potable a la poblaci\u00f3n en caso de emergencia o desastre natural. Elimina el 99,9% de las bacterias y el 100% de la turbidez.<\/p>\n<\/div>\n<\/div>\n<\/div>\n\n\n\n<div class=\"wp-block-column\">\n<div class=\"wp-block-columns\">\n<div class=\"wp-block-column\">\n<div class=\"wp-block-group\"><div class=\"wp-block-group__inner-container\">\n<div class=\"wp-block-group\"><div class=\"wp-block-group__inner-container\">\n<div class=\"wp-block-group\"><div class=\"wp-block-group__inner-container\">\n<figure class=\"wp-block-image size-large\"><a href=\"http:\/\/www.waterologies.com\/www\/wp-content\/uploads\/2021\/06\/PACK_4.jpg\"><img loading=\"lazy\" width=\"1024\" height=\"1024\" src=\"http:\/\/www.waterologies.com\/www\/wp-content\/uploads\/2021\/06\/PACK_4-1024x1024.jpg\" alt=\"\" class=\"wp-image-2042\" srcset=\"https:\/\/www.waterologies.com\/www\/wp-content\/uploads\/2021\/06\/PACK_4-1024x1024.jpg 1024w, https:\/\/www.waterologies.com\/www\/wp-content\/uploads\/2021\/06\/PACK_4-300x300.jpg 300w, https:\/\/www.waterologies.com\/www\/wp-content\/uploads\/2021\/06\/PACK_4-150x150.jpg 150w, https:\/\/www.waterologies.com\/www\/wp-content\/uploads\/2021\/06\/PACK_4-768x768.jpg 768w, https:\/\/www.waterologies.com\/www\/wp-content\/uploads\/2021\/06\/PACK_4-80x80.jpg 80w, https:\/\/www.waterologies.com\/www\/wp-content\/uploads\/2021\/06\/PACK_4-430x430.jpg 430w, https:\/\/www.waterologies.com\/www\/wp-content\/uploads\/2021\/06\/PACK_4-560x560.jpg 560w, https:\/\/www.waterologies.com\/www\/wp-content\/uploads\/2021\/06\/PACK_4-1170x1170.jpg 1170w, https:\/\/www.waterologies.com\/www\/wp-content\/uploads\/2021\/06\/PACK_4.jpg 1500w\" sizes=\"(max-width: 1024px) 100vw, 1024px\" \/><\/a><\/figure>\n<\/div><\/div>\n<\/div><\/div>\n<\/div><\/div>\n<\/div>\n\n\n\n<div class=\"wp-block-column\">\n<h5><strong>Pure Water Phone Box Plus<\/strong><\/h5>\n<p>Equipo port\u00e1til, robusto y compacto. C\u00f3modo y f\u00e1cil de transportar.<br \/>Dise\u00f1ado para desinfectar y purificar el agua en lugares remotos donde no hay energ\u00eda.<br \/>Los filtros son f\u00e1ciles de limpiar y cuentan con los certificados NGS, EPS y CE.<\/p>\n<\/div>\n<\/div>\n<\/div>\n<\/div>\n\n\n\n<div class=\"wp-block-columns\">\n<div class=\"wp-block-column\">\n<div class=\"wp-block-columns\">\n<div class=\"wp-block-column\">\n<figure class=\"wp-block-image size-large\"><a href=\"http:\/\/www.waterologies.com\/www\/wp-content\/uploads\/2021\/06\/BAG_6.jpg\"><img loading=\"lazy\" width=\"1024\" height=\"1024\" src=\"http:\/\/www.waterologies.com\/www\/wp-content\/uploads\/2021\/06\/BAG_6-1024x1024.jpg\" alt=\"\" class=\"wp-image-2024\" srcset=\"https:\/\/www.waterologies.com\/www\/wp-content\/uploads\/2021\/06\/BAG_6-1024x1024.jpg 1024w, https:\/\/www.waterologies.com\/www\/wp-content\/uploads\/2021\/06\/BAG_6-300x300.jpg 300w, https:\/\/www.waterologies.com\/www\/wp-content\/uploads\/2021\/06\/BAG_6-150x150.jpg 150w, https:\/\/www.waterologies.com\/www\/wp-content\/uploads\/2021\/06\/BAG_6-768x768.jpg 768w, https:\/\/www.waterologies.com\/www\/wp-content\/uploads\/2021\/06\/BAG_6-80x80.jpg 80w, https:\/\/www.waterologies.com\/www\/wp-content\/uploads\/2021\/06\/BAG_6-430x430.jpg 430w, https:\/\/www.waterologies.com\/www\/wp-content\/uploads\/2021\/06\/BAG_6-560x560.jpg 560w, https:\/\/www.waterologies.com\/www\/wp-content\/uploads\/2021\/06\/BAG_6-1170x1170.jpg 1170w, https:\/\/www.waterologies.com\/www\/wp-content\/uploads\/2021\/06\/BAG_6.jpg 1500w\" sizes=\"(max-width: 1024px) 100vw, 1024px\" \/><\/a><\/figure>\n<\/div>\n\n\n\n<div class=\"wp-block-column\">\n<h5><strong>Pure Water Phone Backpack&nbsp;<\/strong><\/h5>\n<p>Pure Water Phone Backpack es el primer botiqu\u00edn para proporcionar agua potable a la poblaci\u00f3n en caso de emergencia o desastre natural. Elimina el 99,9% de las bacterias y el 100% de la turbidez. Se puede llevar a la espalda, s\u00f3lo pesa 1,5 kg. Especial para ocasiones en las que hay que desplazarse r\u00e1pidamente.<\/p>\n<\/div>\n<\/div>\n<\/div>\n\n\n\n<div class=\"wp-block-column\"><\/div>\n<\/div>\n\n\n<p><span style=\"font-weight: 400;\">  <hr class=\"grve-element grve-space-divider  \" style=\"\">\n\t\t<\/div>\n\t  <\/div><\/div><div  class=\"grve-section\" >  <div class=\"grve-row\">\n\t\t<div class=\"wpb_column grve-column-1-3\">\n\t\t\t<div class=\"grve-element grve-icon-box grve-align-center\" style=\"\">  <div class=\"grve-icon fa fa-medkit\"><\/div>  <div class=\"grve-box-content\">      <h5 class=\"grve-box-title\">Botiqu\u00edn de primeros auxilios<\/h5>    <p>The Pure Water Phone Box es un botiqu\u00edn para situaciones de emergencia en las que la poblaci\u00f3n puede estar d\u00edas sin acceso al agua potable<\/p>  <\/div><\/div>\n\t\t<\/div>\n\t\n\t\t<div class=\"wpb_column grve-column-1-3\">\n\t\t\t<div class=\"grve-element grve-icon-box grve-align-center\" style=\"\">  <div class=\"grve-icon fa fa-tablet\"><\/div>  <div class=\"grve-box-content\">      <h5 class=\"grve-box-title\">Conectado a un smarphone<\/h5>    <p>El dispositivo se conecta a un powerbank, pero tambi\u00e9n puede conectarse a un smartphone. Consulta qu\u00e9 smartphones pueden alimentarse a trav\u00e9s de sus puertos microUSB y tipo C.<\/p>  <\/div><\/div>\n\t\t<\/div>\n\t\n\t\t<div class=\"wpb_column grve-column-1-3\">\n\t\t\t<div class=\"grve-element grve-icon-box grve-align-center\" style=\"\">  <div class=\"grve-icon fa fa-tint\"><\/div>  <div class=\"grve-box-content\">      <h5 class=\"grve-box-title\">Agua potable<\/h5>    <p>Elimina el 99,9% de las bacterias y el 100% de la turbidez. Los filtros son f\u00e1ciles de limpiar y est\u00e1n certificados por NGS, EPS y CE.<\/p>  <\/div><\/div>\n\t\t<\/div>\n\t  <\/div><\/div><div  class=\"grve-section\" >  <div class=\"grve-row\">\n\t\t<div class=\"wpb_column grve-column-2-3\">\n\t\t\t<div class=\"grve-element grve-progress-bars\" style=\"\"><div class=\"grve-element grve-progress-bar grve-margin-10\" data-value=\"100\">  <div class=\"grve-bar-title\">Bacteria free 99.9 %<\/div>  <div class=\"grve-bar\">    <div class=\"grve-bar-line grve-primary\"><\/div>  <\/div><\/div><div class=\"grve-element grve-progress-bar grve-margin-10\" data-value=\"100\">  <div class=\"grve-bar-title\">Turbidity free<\/div>  <div class=\"grve-bar\">    <div class=\"grve-bar-line grve-primary\"><\/div>  <\/div><\/div><div class=\"grve-element grve-progress-bar grve-margin-10\" data-value=\"100\">  <div class=\"grve-bar-title\">Pump life 2000 hour<\/div>  <div class=\"grve-bar\">    <div class=\"grve-bar-line grve-primary\"><\/div>  <\/div><\/div><div class=\"grve-element grve-progress-bar grve-margin-10\" data-value=\"70\">  <div class=\"grve-bar-title\">Power bank 3-6 hour<\/div>  <div class=\"grve-bar\">    <div class=\"grve-bar-line grve-primary\"><\/div>  <\/div><\/div><div class=\"grve-element grve-progress-bar grve-margin-10\" data-value=\"100\">  <div class=\"grve-bar-title\">Filter life up to 1 million gallons<\/div>  <div class=\"grve-bar\">    <div class=\"grve-bar-line grve-primary\"><\/div>  <\/div><\/div><div class=\"grve-element grve-progress-bar grve-margin-10\" data-value=\"80\">  <div class=\"grve-bar-title\">Easy filter cleaning system<\/div>  <div class=\"grve-bar\">    <div class=\"grve-bar-line grve-primary\"><\/div>  <\/div><\/div><div class=\"grve-element grve-progress-bar grve-margin-10\" data-value=\"100\">  <div class=\"grve-bar-title\">0.7 kg Pure Water Phone Box 50<\/div>  <div class=\"grve-bar\">    <div class=\"grve-bar-line grve-primary\"><\/div>  <\/div><\/div><div class=\"grve-element grve-progress-bar grve-margin-10\" data-value=\"50\">  <div class=\"grve-bar-title\">Smartphone micro USB connector &amp; tipe C adapter<\/div>  <div class=\"grve-bar\">    <div class=\"grve-bar-line grve-primary\"><\/div>  <\/div><\/div><\/div>\n\t\t<\/div>\n\t\n\t\t<div class=\"wpb_column grve-column-1-3\">\n\t\t\t  <hr class=\"grve-element grve-space-divider  \" style=\"\"><div class=\"grve-element grve-slider  \" style=\" \"data-slider-speed=\"3500\">\n\t\t\t\t\t\t<ul class=\"slides\">\n\t\t<li><img src=\"https:\/\/www.waterologies.com\/www\/wp-content\/uploads\/2018\/06\/BAG_4.jpg\" alt=\"\" width=\"1500\" height=\"1500\"><\/li><li><img src=\"https:\/\/www.waterologies.com\/www\/wp-content\/uploads\/2018\/06\/FILTRES_2.jpg\" alt=\"\" width=\"1500\" height=\"1500\"><\/li><li><img src=\"https:\/\/www.waterologies.com\/www\/wp-content\/uploads\/2018\/06\/PACK_5-2.jpg\" alt=\"\" width=\"2544\" height=\"2544\"><\/li>\t<\/ul>\n\t\t\t\t\t<\/div>\n\t\t\n\t\t<\/div>\n\t  <\/div><\/div><\/span><\/p>\n<p><\/p>\n\n\n<p><\/p>\n","protected":false},"excerpt":{"rendered":"Se acab\u00f3 el agua embotellada.Fabricantes de agua potable en casos de emergencia Grandes cantidades de agua (hasta 2000 litros al d\u00eda) sin bacterias y lista para beber. Pure Water Phone Box Pure Water Phone Box es el primer botiqu\u00edn para proporcionar agua potable a la poblaci\u00f3n en caso de emergencia o desastre natural. Elimina el<a class=\"grve-read-more\" href=\"https:\/\/www.waterologies.com\/es\/pure-water-box-2\/\">read more<\/a>","protected":false},"author":1,"featured_media":0,"parent":0,"menu_order":0,"comment_status":"closed","ping_status":"closed","template":"","meta":[],"_links":{"self":[{"href":"https:\/\/www.waterologies.com\/wp-json\/wp\/v2\/pages\/1739"}],"collection":[{"href":"https:\/\/www.waterologies.com\/wp-json\/wp\/v2\/pages"}],"about":[{"href":"https:\/\/www.waterologies.com\/wp-json\/wp\/v2\/types\/page"}],"author":[{"embeddable":true,"href":"https:\/\/www.waterologies.com\/wp-json\/wp\/v2\/users\/1"}],"replies":[{"embeddable":true,"href":"https:\/\/www.waterologies.com\/wp-json\/wp\/v2\/comments?post=1739"}],"version-history":[{"count":53,"href":"https:\/\/www.waterologies.com\/wp-json\/wp\/v2\/pages\/1739\/revisions"}],"predecessor-version":[{"id":2815,"href":"https:\/\/www.waterologies.com\/wp-json\/wp\/v2\/pages\/1739\/revisions\/2815"}],"wp:attachment":[{"href":"https:\/\/www.waterologies.com\/wp-json\/wp\/v2\/media?parent=1739"}],"curies":[{"name":"wp","href":"https:\/\/api.w.org\/{rel}","templated":true}]}}