{"id":1742,"date":"2021-06-17T16:46:39","date_gmt":"2021-06-17T14:46:39","guid":{"rendered":"http:\/\/www.waterologies.com\/www\/es\/?page_id=1742"},"modified":"2021-07-20T09:10:31","modified_gmt":"2021-07-20T07:10:31","slug":"solardistech","status":"publish","type":"page","link":"https:\/\/www.waterologies.com\/es\/solardistech\/","title":{"rendered":"Solardistech"},"content":{"rendered":"\n<div  class=\"grve-section\" >  <div class=\"grve-row\">\n\t\t<div class=\"wpb_column grve-column-1\">\n\t\t\t<div class=\"grve-element grve-slogan grve-align-center grve-animated-item fadeInLeft\" style=\"\" data-delay=\"200\"><h3 class=\"grve-slogan-title grve-align-center grve-title-no-line\">Es la gama de productos Waterologies que ha sido dise\u00f1ada para potabilizar el agua en cualquier lugar, por remoto que sea. cualquier lugar, por remoto que sea.<\/h3>  <p>Equipos transportables y automatizados que generan su propia energ\u00eda, sin productos qu\u00edmicos y muy f\u00e1ciles de manejar.<\/p><\/div>\n\t\t<\/div>\n\t  <\/div><\/div>\n\n\n\n<div class=\"wp-block-columns\">\n<div class=\"wp-block-column\">\n<div class=\"wp-block-columns\">\n<div class=\"wp-block-column\">\n<figure class=\"wp-block-image size-large\"><a href=\"http:\/\/www.waterologies.com\/www\/wp-content\/uploads\/2015\/09\/IMG-20170117-WA0017-e1515404144335.jpg\"><img loading=\"lazy\" width=\"768\" height=\"1024\" src=\"http:\/\/www.waterologies.com\/www\/wp-content\/uploads\/2015\/09\/IMG-20170117-WA0017-768x1024.jpg\" alt=\"\" class=\"wp-image-1393\"\/><\/a><\/figure>\n<\/div>\n\n\n\n<div class=\"wp-block-column\">\n<h5><strong>Solardistech Rugged<\/strong><\/h5>\n<p>Dispositivos port\u00e1tiles para generar agua limpia 99,9% libre de bacterias y 0,0 NTU de turbidez para emergencias en desastres naturales.<\/p>\n<ul>\n<li>Mochila: Hasta 200 litros \/ hora de agua.<\/li>\n<li>Port\u00e1til: 11,5 Kg de peso<\/li>\n<li>Aut\u00f3nomo: hasta 20 horas de carga por panel solar<\/li>\n<li>Membranas autolimpiables.<\/li>\n<li>S\u00f3lo necesita 15 w<\/li>\n<\/ul>\n<\/div>\n<\/div>\n<\/div>\n\n\n\n<div class=\"wp-block-column\">\n<div class=\"wp-block-columns\">\n<div class=\"wp-block-column\">\n<div class=\"wp-block-columns\">\n<div class=\"wp-block-column\">\n<figure class=\"wp-block-image size-large\"><a href=\"http:\/\/www.waterologies.com\/www\/wp-content\/uploads\/2015\/10\/Solardistech-15.jpg\"><img loading=\"lazy\" width=\"339\" height=\"282\" src=\"http:\/\/www.waterologies.com\/www\/wp-content\/uploads\/2015\/10\/Solardistech-15.jpg\" alt=\"\" class=\"wp-image-790\" srcset=\"https:\/\/www.waterologies.com\/www\/wp-content\/uploads\/2015\/10\/Solardistech-15.jpg 339w, https:\/\/www.waterologies.com\/www\/wp-content\/uploads\/2015\/10\/Solardistech-15-300x250.jpg 300w\" sizes=\"(max-width: 339px) 100vw, 339px\" \/><\/a><\/figure>\n<\/div>\n\n\n\n<div class=\"wp-block-column\">\n<h5><strong>Solardistech 15<\/strong><\/h5>\n<p>Solardistech15 est\u00e1 dise\u00f1ado para ser instalado en cualquier lugar sin necesidad de conexi\u00f3n el\u00e9ctrica, su alimentaci\u00f3n de paneles fotovoltaicos le permite ser un equipo totalmente aut\u00f3nomo.<\/p>\n<ul>\n<li>Autonom\u00eda: 6-8 horas\/d\u00eda<\/li>\n<li>Producci\u00f3n: 8750 l\/d\u00eda<\/li>\n<li>Dimensiones en metros: 2,20&#215;1,80&#215;1,60<\/li>\n<\/ul>\n<\/div>\n<\/div>\n<\/div>\n<\/div>\n<\/div>\n<\/div>\n\n\n\n<div class=\"wp-block-columns\">\n<div class=\"wp-block-column\">\n<div class=\"wp-block-columns\">\n<div class=\"wp-block-column\">\n<figure class=\"wp-block-image size-large\"><a href=\"http:\/\/www.waterologies.com\/www\/wp-content\/uploads\/2016\/08\/DSC_0254-e1625126444101.jpg\"><img loading=\"lazy\" width=\"1024\" height=\"778\" src=\"http:\/\/www.waterologies.com\/www\/wp-content\/uploads\/2016\/08\/DSC_0254-e1625126444101-1024x778.jpg\" alt=\"\" class=\"wp-image-1246\" srcset=\"https:\/\/www.waterologies.com\/www\/wp-content\/uploads\/2016\/08\/DSC_0254-e1625126444101-1024x778.jpg 1024w, https:\/\/www.waterologies.com\/www\/wp-content\/uploads\/2016\/08\/DSC_0254-e1625126444101-600x456.jpg 600w, https:\/\/www.waterologies.com\/www\/wp-content\/uploads\/2016\/08\/DSC_0254-e1625126444101-300x228.jpg 300w, https:\/\/www.waterologies.com\/www\/wp-content\/uploads\/2016\/08\/DSC_0254-e1625126444101-1170x889.jpg 1170w, https:\/\/www.waterologies.com\/www\/wp-content\/uploads\/2016\/08\/DSC_0254-e1625126444101-768x584.jpg 768w, https:\/\/www.waterologies.com\/www\/wp-content\/uploads\/2016\/08\/DSC_0254-e1625126444101-1536x1167.jpg 1536w, https:\/\/www.waterologies.com\/www\/wp-content\/uploads\/2016\/08\/DSC_0254-e1625126444101-2048x1556.jpg 2048w\" sizes=\"(max-width: 1024px) 100vw, 1024px\" \/><\/a><\/figure>\n<\/div>\n\n\n\n<div class=\"wp-block-column\">\n<h5><strong>Solardistech Backpack<\/strong><\/h5>\n<p>Solardistech port\u00e1til es un peque\u00f1o dispositivo aut\u00f3nomo (energ\u00eda fotovoltaica) que ofrece una gran optimizaci\u00f3n.<br>Este dispositivo puede funcionar en situaciones de emergencia, en caso de cat\u00e1strofe o de intervenci\u00f3n humanitaria, ya que cumple con las siguientes especificaciones de eficiencia ATA300, IP67, STANAG 4280 y DS81-41.<\/p>\n<\/div>\n<\/div>\n<\/div>\n\n\n\n<div class=\"wp-block-column\">\n<div class=\"wp-block-columns\">\n<div class=\"wp-block-column\">\n<figure class=\"wp-block-image size-large\"><a href=\"http:\/\/www.waterologies.com\/www\/wp-content\/uploads\/2021\/06\/1-4.png\"><img loading=\"lazy\" width=\"940\" height=\"788\" src=\"http:\/\/www.waterologies.com\/www\/wp-content\/uploads\/2021\/06\/1-4.png\" alt=\"\" class=\"wp-image-2468\" srcset=\"https:\/\/www.waterologies.com\/www\/wp-content\/uploads\/2021\/06\/1-4.png 940w, https:\/\/www.waterologies.com\/www\/wp-content\/uploads\/2021\/06\/1-4-300x251.png 300w, https:\/\/www.waterologies.com\/www\/wp-content\/uploads\/2021\/06\/1-4-768x644.png 768w\" sizes=\"(max-width: 940px) 100vw, 940px\" \/><\/a><\/figure>\n<\/div>\n\n\n\n<div class=\"wp-block-column\">\n<h5><strong>Solardistech Waterhole<\/strong><\/h5>\n<p>Equipo para el tratamiento de las diferentes sales presentes en los acu\u00edferos.<br>El objetivo principal es tratar el agua de consumo para alcanzar los par\u00e1metros de la cantidad de sales seg\u00fan la normativa.<\/p>\n<p>La planta est\u00e1 dise\u00f1ada para funcionar con energ\u00eda solar y\/o convencional.<\/p>\n<\/div>\n<\/div>\n<\/div>\n<\/div>\n","protected":false},"excerpt":{"rendered":"<p>&nbsp;<\/p>\n","protected":false},"author":1,"featured_media":0,"parent":0,"menu_order":0,"comment_status":"closed","ping_status":"closed","template":"","meta":[],"_links":{"self":[{"href":"https:\/\/www.waterologies.com\/wp-json\/wp\/v2\/pages\/1742"}],"collection":[{"href":"https:\/\/www.waterologies.com\/wp-json\/wp\/v2\/pages"}],"about":[{"href":"https:\/\/www.waterologies.com\/wp-json\/wp\/v2\/types\/page"}],"author":[{"embeddable":true,"href":"https:\/\/www.waterologies.com\/wp-json\/wp\/v2\/users\/1"}],"replies":[{"embeddable":true,"href":"https:\/\/www.waterologies.com\/wp-json\/wp\/v2\/comments?post=1742"}],"version-history":[{"count":16,"href":"https:\/\/www.waterologies.com\/wp-json\/wp\/v2\/pages\/1742\/revisions"}],"predecessor-version":[{"id":2778,"href":"https:\/\/www.waterologies.com\/wp-json\/wp\/v2\/pages\/1742\/revisions\/2778"}],"wp:attachment":[{"href":"https:\/\/www.waterologies.com\/wp-json\/wp\/v2\/media?parent=1742"}],"curies":[{"name":"wp","href":"https:\/\/api.w.org\/{rel}","templated":true}]}}