{"id":1745,"date":"2021-06-17T16:47:07","date_gmt":"2021-06-17T14:47:07","guid":{"rendered":"http:\/\/www.waterologies.com\/www\/es\/?page_id=1745"},"modified":"2021-07-20T10:29:52","modified_gmt":"2021-07-20T08:29:52","slug":"desaladoras","status":"publish","type":"page","link":"https:\/\/www.waterologies.com\/es\/desaladoras\/","title":{"rendered":"Desaladoras"},"content":{"rendered":"\n<div class=\"wp-block-columns\">\n<div class=\"wp-block-column\">\n<div class=\"wp-block-columns\">\n<div class=\"wp-block-column\">\n<figure class=\"wp-block-image size-large\"><a href=\"http:\/\/www.waterologies.com\/www\/wp-content\/uploads\/2021\/06\/1-1.png\"><img loading=\"lazy\" width=\"940\" height=\"788\" src=\"http:\/\/www.waterologies.com\/www\/wp-content\/uploads\/2021\/06\/1-1.png\" alt=\"\" class=\"wp-image-2421\" srcset=\"https:\/\/www.waterologies.com\/www\/wp-content\/uploads\/2021\/06\/1-1.png 940w, https:\/\/www.waterologies.com\/www\/wp-content\/uploads\/2021\/06\/1-1-300x251.png 300w, https:\/\/www.waterologies.com\/www\/wp-content\/uploads\/2021\/06\/1-1-768x644.png 768w\" sizes=\"(max-width: 940px) 100vw, 940px\" \/><\/a><\/figure>\n<\/div>\n\n\n\n<div class=\"wp-block-column\">\n<h5><strong>WTG4800E-321<\/strong><\/h5>\n<ul>\n<li>Producci\u00f3n de agua: 4.800 l\/d\u00eda<\/li>\n<li>Consumo el\u00e9ctrico (kW): 0.7<\/li>\n<\/ul>\n<\/div>\n<\/div>\n<\/div>\n\n\n\n<div class=\"wp-block-column\">\n<div class=\"wp-block-columns\">\n<div class=\"wp-block-column\">\n<figure class=\"wp-block-image size-large\"><a href=\"http:\/\/www.waterologies.com\/www\/wp-content\/uploads\/2021\/06\/1-2.png\"><img loading=\"lazy\" width=\"940\" height=\"788\" src=\"http:\/\/www.waterologies.com\/www\/wp-content\/uploads\/2021\/06\/1-2.png\" alt=\"\" class=\"wp-image-2424\" srcset=\"https:\/\/www.waterologies.com\/www\/wp-content\/uploads\/2021\/06\/1-2.png 940w, https:\/\/www.waterologies.com\/www\/wp-content\/uploads\/2021\/06\/1-2-300x251.png 300w, https:\/\/www.waterologies.com\/www\/wp-content\/uploads\/2021\/06\/1-2-768x644.png 768w\" sizes=\"(max-width: 940px) 100vw, 940px\" \/><\/a><\/figure>\n<\/div>\n\n\n\n<div class=\"wp-block-column\">\n<h5><strong>WTG4000B-321<\/strong><\/h5>\n<ul>\n<li>Producci\u00f3n de agua: 4.000 l\/d\u00eda<\/li>\n<li>Consumo el\u00e9ctrico (kW): 1.8 \/ 2.1<\/li>\n<\/ul>\n<\/div>\n<\/div>\n<\/div>\n<\/div>\n\n\n\n<div class=\"wp-block-columns\">\n<div class=\"wp-block-column\">\n<div class=\"wp-block-columns\">\n<div class=\"wp-block-column\">\n<figure class=\"wp-block-image size-large\"><a href=\"http:\/\/www.waterologies.com\/www\/wp-content\/uploads\/2021\/06\/1-1.png\"><img loading=\"lazy\" width=\"940\" height=\"788\" src=\"http:\/\/www.waterologies.com\/www\/wp-content\/uploads\/2021\/06\/1-1.png\" alt=\"\" class=\"wp-image-2421\" srcset=\"https:\/\/www.waterologies.com\/www\/wp-content\/uploads\/2021\/06\/1-1.png 940w, https:\/\/www.waterologies.com\/www\/wp-content\/uploads\/2021\/06\/1-1-300x251.png 300w, https:\/\/www.waterologies.com\/www\/wp-content\/uploads\/2021\/06\/1-1-768x644.png 768w\" sizes=\"(max-width: 940px) 100vw, 940px\" \/><\/a><\/figure>\n<\/div>\n\n\n\n<div class=\"wp-block-column\">\n<h5><strong>WTG9000E-340<\/strong><\/h5>\n\n\n\n<ul><li>Producci\u00f3n de agua: 9.000 l\/d\u00eda<\/li><li>Consumo el\u00e9ctrico (kW): 0.9<\/li><\/ul>\n<\/div>\n<\/div>\n<\/div>\n\n\n\n<div class=\"wp-block-column\">\n<div class=\"wp-block-columns\">\n<div class=\"wp-block-column\">\n<figure class=\"wp-block-image size-large\"><a href=\"http:\/\/www.waterologies.com\/www\/wp-content\/uploads\/2021\/06\/1-2.png\"><img loading=\"lazy\" width=\"940\" height=\"788\" src=\"http:\/\/www.waterologies.com\/www\/wp-content\/uploads\/2021\/06\/1-2.png\" alt=\"\" class=\"wp-image-2424\" srcset=\"https:\/\/www.waterologies.com\/www\/wp-content\/uploads\/2021\/06\/1-2.png 940w, https:\/\/www.waterologies.com\/www\/wp-content\/uploads\/2021\/06\/1-2-300x251.png 300w, https:\/\/www.waterologies.com\/www\/wp-content\/uploads\/2021\/06\/1-2-768x644.png 768w\" sizes=\"(max-width: 940px) 100vw, 940px\" \/><\/a><\/figure>\n<\/div>\n\n\n\n<div class=\"wp-block-column\">\n<h5><strong>WTG9000B-340<\/strong><\/h5>\n<ul>\n<li>Producci\u00f3n de agua: 9.000 l\/d\u00eda<\/li>\n<li>Consumo el\u00e9ctrico (kW): 2.4 \/ 2.8<\/li>\n<\/ul>\n<\/div>\n<\/div>\n<\/div>\n<\/div>\n\n\n\n<div class=\"wp-block-columns\">\n<div class=\"wp-block-column\">\n<div class=\"wp-block-columns\">\n<div class=\"wp-block-column\">\n<figure class=\"wp-block-image size-large\"><a href=\"http:\/\/www.waterologies.com\/www\/wp-content\/uploads\/2021\/06\/1-1.png\"><img loading=\"lazy\" width=\"940\" height=\"788\" src=\"http:\/\/www.waterologies.com\/www\/wp-content\/uploads\/2021\/06\/1-1.png\" alt=\"\" class=\"wp-image-2421\" srcset=\"https:\/\/www.waterologies.com\/www\/wp-content\/uploads\/2021\/06\/1-1.png 940w, https:\/\/www.waterologies.com\/www\/wp-content\/uploads\/2021\/06\/1-1-300x251.png 300w, https:\/\/www.waterologies.com\/www\/wp-content\/uploads\/2021\/06\/1-1-768x644.png 768w\" sizes=\"(max-width: 940px) 100vw, 940px\" \/><\/a><\/figure>\n<\/div>\n\n\n\n<div class=\"wp-block-column\">\n<h5><strong>WTG11000E<\/strong><\/h5>\n<ul>\n<li>Producci\u00f3n de agua: 11.000 l\/d\u00eda<\/li>\n<li>Consumo el\u00e9ctrico (kW): 1.0<\/li>\n<\/ul>\n<\/div>\n<\/div>\n<\/div>\n\n\n\n<div class=\"wp-block-column\">\n<div class=\"wp-block-columns\">\n<div class=\"wp-block-column\">\n<figure class=\"wp-block-image size-large\"><a href=\"http:\/\/www.waterologies.com\/www\/wp-content\/uploads\/2021\/06\/1-2.png\"><img loading=\"lazy\" width=\"940\" height=\"788\" src=\"http:\/\/www.waterologies.com\/www\/wp-content\/uploads\/2021\/06\/1-2.png\" alt=\"\" class=\"wp-image-2424\" srcset=\"https:\/\/www.waterologies.com\/www\/wp-content\/uploads\/2021\/06\/1-2.png 940w, https:\/\/www.waterologies.com\/www\/wp-content\/uploads\/2021\/06\/1-2-300x251.png 300w, https:\/\/www.waterologies.com\/www\/wp-content\/uploads\/2021\/06\/1-2-768x644.png 768w\" sizes=\"(max-width: 940px) 100vw, 940px\" \/><\/a><\/figure>\n<\/div>\n\n\n\n<div class=\"wp-block-column\">\n<h5><strong>WTG18700B-340<\/strong><\/h5>\n<ul>\n<li>Producci\u00f3n de agua: 18.700 l\/d\u00eda<\/li>\n<li>Consumo el\u00e9ctrico (kW): 4.9<\/li>\n<\/ul>\n<\/div>\n<\/div>\n<\/div>\n<\/div>\n\n\n\n<div class=\"wp-block-columns\">\n<div class=\"wp-block-column\">\n<div class=\"wp-block-columns\">\n<div class=\"wp-block-column\">\n<figure class=\"wp-block-image size-large\"><a href=\"http:\/\/www.waterologies.com\/www\/wp-content\/uploads\/2021\/06\/1-3.png\"><img loading=\"lazy\" width=\"940\" height=\"788\" src=\"http:\/\/www.waterologies.com\/www\/wp-content\/uploads\/2021\/06\/1-3.png\" alt=\"\" class=\"wp-image-2431\" srcset=\"https:\/\/www.waterologies.com\/www\/wp-content\/uploads\/2021\/06\/1-3.png 940w, https:\/\/www.waterologies.com\/www\/wp-content\/uploads\/2021\/06\/1-3-300x251.png 300w, https:\/\/www.waterologies.com\/www\/wp-content\/uploads\/2021\/06\/1-3-768x644.png 768w\" sizes=\"(max-width: 940px) 100vw, 940px\" \/><\/a><\/figure>\n<\/div>\n\n\n\n<div class=\"wp-block-column\">\n<h5><strong>WTG22000E-340<\/strong><\/h5>\n<ul>\n<li>Producci\u00f3n de agua: 22.000 l\/d\u00eda<\/li>\n<li>Consumo el\u00e9ctrico (kW): 2.0<\/li>\n<\/ul>\n<\/div>\n<\/div>\n<\/div>\n\n\n\n<div class=\"wp-block-column\"><\/div>\n<\/div>\n\n\n\n<div class=\"wp-block-columns\">\n<div class=\"wp-block-column\">\n<h5><strong>Caracter\u00edsticas<\/strong><\/h5>\n\n\n\n<ul>\n<li>Dise\u00f1o compacto<\/li>\n<li>Operaciones autom\u00e1ticas<\/li>\n<li>Notificaci\u00f3n autom\u00e1tica de mensajes y errores<\/li>\n<li>Sensor de presi\u00f3n en la entrada de agua y en la membrana<\/li>\n<li>Sensor de TDS<\/li>\n<li>Recuperaci\u00f3n de energ\u00eda<\/li>\n<li>Componentes de acero d\u00faplex y superd\u00faplex<\/li>\n<li>Bombas de alta presi\u00f3n Danfoss<\/li>\n<li>Monitorizaci\u00f3n y control GSM<\/li>\n<li>Limpieza, conexi\u00f3n y funcionamiento sencillos<\/li>\n<\/ul>\n<\/div>\n\n\n\n<div class=\"wp-block-column\">\n<h5><strong>Aplicaciones<\/strong><\/h5>\n\n\n\n<ul>\n<li>Agua potable para peque\u00f1as comunidades<\/li>\n<li>Peque\u00f1os hoteles y complejos tur\u00edsticos<\/li>\n<li>Casas particulares<\/li>\n<li>Industria acu\u00edcola<\/li>\n<li>Industrias petroleras en tierra y en alta mar<\/li>\n<\/ul>\n<\/div>\n<\/div>\n","protected":false},"excerpt":{"rendered":"<p>Caracter\u00edsticas Dise\u00f1o compacto Operaciones autom\u00e1ticas Notificaci\u00f3n autom\u00e1tica de mensajes y errores Sensor de presi\u00f3n en la entrada de agua y en la membrana Sensor de TDS Recuperaci\u00f3n de energ\u00eda Componentes de acero d\u00faplex y superd\u00faplex Bombas de alta presi\u00f3n Danfoss Monitorizaci\u00f3n y control GSM Limpieza, conexi\u00f3n y funcionamiento sencillos Aplicaciones Agua potable para peque\u00f1as comunidades<a class=\"grve-read-more\" href=\"https:\/\/www.waterologies.com\/es\/desaladoras\/\">read more<\/a><\/p>\n","protected":false},"author":1,"featured_media":0,"parent":0,"menu_order":0,"comment_status":"closed","ping_status":"closed","template":"","meta":[],"_links":{"self":[{"href":"https:\/\/www.waterologies.com\/wp-json\/wp\/v2\/pages\/1745"}],"collection":[{"href":"https:\/\/www.waterologies.com\/wp-json\/wp\/v2\/pages"}],"about":[{"href":"https:\/\/www.waterologies.com\/wp-json\/wp\/v2\/types\/page"}],"author":[{"embeddable":true,"href":"https:\/\/www.waterologies.com\/wp-json\/wp\/v2\/users\/1"}],"replies":[{"embeddable":true,"href":"https:\/\/www.waterologies.com\/wp-json\/wp\/v2\/comments?post=1745"}],"version-history":[{"count":19,"href":"https:\/\/www.waterologies.com\/wp-json\/wp\/v2\/pages\/1745\/revisions"}],"predecessor-version":[{"id":2799,"href":"https:\/\/www.waterologies.com\/wp-json\/wp\/v2\/pages\/1745\/revisions\/2799"}],"wp:attachment":[{"href":"https:\/\/www.waterologies.com\/wp-json\/wp\/v2\/media?parent=1745"}],"curies":[{"name":"wp","href":"https:\/\/api.w.org\/{rel}","templated":true}]}}