{"id":1863,"date":"2021-06-18T15:38:06","date_gmt":"2021-06-18T13:38:06","guid":{"rendered":"http:\/\/www.waterologies.com\/www\/es\/?page_id=1863"},"modified":"2021-06-28T09:16:00","modified_gmt":"2021-06-28T07:16:00","slug":"asesoramiento-y-gestion","status":"publish","type":"page","link":"https:\/\/www.waterologies.com\/es\/asesoramiento-y-gestion\/","title":{"rendered":"Asesoramiento y gesti\u00f3n"},"content":{"rendered":"<div  class=\"grve-section\" >  <div class=\"grve-row\">\n\t\t<div class=\"wpb_column grve-column-1\">\n\t\t\t<div class=\"grve-element grve-slogan grve-align-center\" style=\"\"><h3 class=\"grve-slogan-title grve-align-center grve-title-line\">Nos preocupa conocer a fondo los temas<\/h3>  <p>Por eso somos capaces de ponernos en la piel del cliente para ayudar a enfocar su problema con la estrategia m\u00e1s adecuada.<\/p><\/div><div  class=\"grve-row\">\n\t\t<div class=\"wpb_column grve-column-1-2\">\n\t\t\t<div class=\"grve-element grve-image grve-align-left grve-animated-item fadeInLeft\" style=\"\" data-delay=\"200\">  <img alt=\"Solucions Waterologies per la ind\u00fastria de la pell - Waterologies\" src=\"https:\/\/www.waterologies.com\/www\/wp-content\/uploads\/2015\/09\/gestion-waterologies.jpg\" width=\"1065\" height=\"710\"><\/div>\n\t\t<\/div>\n\t\n\t\t<div class=\"wpb_column grve-column-1-2\">\n\t\t\t<blockquote class=\"grve-element grve-style-2\" style=\"\"><p><strong>Una actuaci\u00f3n innovadora e inteligente ante un reto tecnol\u00f3gico es siempre una oportunidad para mejorar la competitividad.<\/strong><\/p><\/blockquote>\n\t\t\t<div class=\"grve-element grve-list grve-list-circle \" style=\"\">\n\t\t\t\t<\/p>\n<p>Algunos de nuestros sistemas implementados de depuraci\u00f3n y recuperaci\u00f3n de agua:<\/p>\n<ul>\n<li>Depuraci\u00f3n del taller de restauraci\u00f3n de la Alhambra. Ayuntamiento de Alhambra y GeneralLife.<\/li>\n<li>Depuraci\u00f3n de la granja e industria l\u00e1ctea del Monasterio Trapense de San Isidro de Due\u00f1as.<\/li>\n<li>Sistema de desinfecci\u00f3n del proceso de lavado del reactor en la empresa farmac\u00e9utica Alifarm,S.A.<\/li>\n<\/ul>\n<p>\n\t\t\t<\/div>\n\t\t\n\t\t<\/div>\n\t<\/div>\n\t\t<\/div>\n\t  <\/div><\/div>\n","protected":false},"excerpt":{"rendered":"Nos preocupa conocer a fondo los temas Por eso somos capaces de ponernos en la piel del cliente para ayudar a enfocar su problema con la estrategia m\u00e1s adecuada. Una actuaci\u00f3n innovadora e inteligente ante un reto tecnol\u00f3gico es siempre una oportunidad para mejorar la competitividad. Algunos de nuestros sistemas implementados de depuraci\u00f3n y recuperaci\u00f3n<a class=\"grve-read-more\" href=\"https:\/\/www.waterologies.com\/es\/asesoramiento-y-gestion\/\">read more<\/a>","protected":false},"author":1,"featured_media":0,"parent":0,"menu_order":0,"comment_status":"closed","ping_status":"closed","template":"","meta":[],"_links":{"self":[{"href":"https:\/\/www.waterologies.com\/wp-json\/wp\/v2\/pages\/1863"}],"collection":[{"href":"https:\/\/www.waterologies.com\/wp-json\/wp\/v2\/pages"}],"about":[{"href":"https:\/\/www.waterologies.com\/wp-json\/wp\/v2\/types\/page"}],"author":[{"embeddable":true,"href":"https:\/\/www.waterologies.com\/wp-json\/wp\/v2\/users\/1"}],"replies":[{"embeddable":true,"href":"https:\/\/www.waterologies.com\/wp-json\/wp\/v2\/comments?post=1863"}],"version-history":[{"count":5,"href":"https:\/\/www.waterologies.com\/wp-json\/wp\/v2\/pages\/1863\/revisions"}],"predecessor-version":[{"id":2359,"href":"https:\/\/www.waterologies.com\/wp-json\/wp\/v2\/pages\/1863\/revisions\/2359"}],"wp:attachment":[{"href":"https:\/\/www.waterologies.com\/wp-json\/wp\/v2\/media?parent=1863"}],"curies":[{"name":"wp","href":"https:\/\/api.w.org\/{rel}","templated":true}]}}