{"id":1869,"date":"2021-06-18T15:58:14","date_gmt":"2021-06-18T13:58:14","guid":{"rendered":"http:\/\/www.waterologies.com\/www\/es\/?page_id=1869"},"modified":"2021-07-20T12:17:03","modified_gmt":"2021-07-20T10:17:03","slug":"analisis-y-desarrollo","status":"publish","type":"page","link":"https:\/\/www.waterologies.com\/es\/analisis-y-desarrollo\/","title":{"rendered":"An\u00e1lisis y desarrollo"},"content":{"rendered":"<div  class=\"grve-section\" >  <div class=\"grve-row\">\n\t\t<div class=\"wpb_column grve-column-1\">\n\t\t\t<div class=\"grve-element grve-slogan grve-align-center\" style=\"\"><h3 class=\"grve-slogan-title grve-align-center grve-title-line\">Los campos de aplicaci\u00f3n de las tecnolog\u00edas de biosensores son infinitos para el control de pat\u00f3genos en el agua y el aire<\/h3>  <p><\/p><\/div><div  class=\"grve-row\">\n\t\t<div class=\"wpb_column grve-column-1-4\">\n\t\t\t<div class=\"grve-element grve-icon-box grve-align-center\" style=\"\">  <div class=\"grve-icon fa fa-building\"><\/div>  <div class=\"grve-box-content\">      <h5 class=\"grve-box-title\">Industria<\/h5>    <p><\/p>  <\/div><\/div>\n\t\t<\/div>\n\t\n\t\t<div class=\"wpb_column grve-column-1-4\">\n\t\t\t<div class=\"grve-element grve-icon-box grve-align-center\" style=\"\">  <div class=\"grve-icon fa fa-hospital-o\"><\/div>  <div class=\"grve-box-content\">      <h5 class=\"grve-box-title\">Salud\/saneamiento<\/h5>    <p><\/p>  <\/div><\/div>\n\t\t<\/div>\n\t\n\t\t<div class=\"wpb_column grve-column-1-4\">\n\t\t\t<div class=\"grve-element grve-icon-box grve-align-center\" style=\"\">  <div class=\"grve-icon fa fa-bicycle\"><\/div>  <div class=\"grve-box-content\">      <h5 class=\"grve-box-title\">Ocio<\/h5>    <p><\/p>  <\/div><\/div>\n\t\t<\/div>\n\t\n\t\t<div class=\"wpb_column grve-column-1-4\">\n\t\t\t<div class=\"grve-element grve-icon-box grve-align-center\" style=\"\">  <div class=\"grve-icon fa fa-user-md\"><\/div>  <div class=\"grve-box-content\">      <h5 class=\"grve-box-title\">Aplicaci\u00f3n m\u00e9dica<\/h5>    <p><\/p>  <\/div><\/div>\n\t\t<\/div>\n\t<\/div>\n\t\t<\/div>\n\t  <\/div><\/div>\n\n\n<p>Los dispositivos de Waterologies generan in situ un desinfectante respetuoso con el medio ambiente, utilizando baja potencia y sin m\u00e1s producto que el cloruro s\u00f3dico. Esto s\u00f3lo es posible gracias a un esfuerzo innovador que integra el conocimiento profundo de los procesos electroqu\u00edmicos asociados a la tecnolog\u00eda de membranas, incorporando la nanotecnolog\u00eda de \u00faltima generaci\u00f3n, y la introducci\u00f3n de la tecnolog\u00eda de <strong>biosensores<\/strong> y conceptos de productos inteligentes que requieren la integraci\u00f3n de \u00e1reas de conocimiento en pleno desarrollo. Por ello, el motor de nuestra actividad est\u00e1 en la continuidad de la investigaci\u00f3n y el desarrollo..<\/p>\n\n\n\n<div class=\"wp-block-columns\">\n<div class=\"wp-block-column\" style=\"flex-basis:66.66%\">\n<p><span style=\"font-weight: 400;\">Los seres humanos son propensos a las enfermedades de tipo microbiol\u00f3gico. Microorganismos como virus, bacterias, hongos y esporas de hongos se reproducen en medios org\u00e1nicos y en el agua. La <strong>industria<\/strong> en general necesita desinfectar todo lo que tiene que ver con el contacto humano , y la responsabilidad de que los productos est\u00e9n libres de microorganismos que puedan representar una fuente de infecci\u00f3n o enfermedad genera protocolos de desinfecci\u00f3n en todos los fabricantes de alimentos, bebidas, equipos hospitalarios, agua y m\u00e1s.<\/span><\/p>\n<\/div>\n\n\n\n<div class=\"wp-block-column\" style=\"flex-basis:33.33%\">\n<p><span style=\"font-weight: 400;\"><blockquote class=\"grve-element grve-style-2\" style=\"\"><p><strong>Gracias a este enfoque, los dispositivos de Waterologies funcionan para su instalaci\u00f3n y utilizaci\u00f3n en cualquier sector en el que la contaminaci\u00f3n microbiol\u00f3gica suponga un riesgo para la salud.<\/strong><\/p><\/blockquote><\/span><\/p>\n<\/div>\n<\/div>\n\n\n\n<div class=\"wp-block-columns\">\n<div class=\"wp-block-column\" style=\"flex-basis:66.66%\">\n<h5><b>Hasta ahora los desinfectantes convencionales consisten en tratamientos de choque que implican:<\/b><\/h5>\n<ul>\n<li style=\"font-weight: 400;\" aria-level=\"1\"><span style=\"font-weight: 400;\">Parada de las instalaciones t\u00e9cnicas.<\/span><\/li>\n<li style=\"font-weight: 400;\" aria-level=\"1\"><span style=\"font-weight: 400;\">P\u00e9rdida de producci\u00f3n, por tanto, econ\u00f3mica.<\/span><\/li>\n<li style=\"font-weight: 400;\" aria-level=\"1\"><span style=\"font-weight: 400;\">P\u00e9rdida de deterioro de las instalaciones.<\/span><\/li>\n<li style=\"font-weight: 400;\" aria-level=\"1\"><span style=\"font-weight: 400;\">Utilizaci\u00f3n de productos peligrosos, corrosivos, agresivos y c\u00e1usticos&#8230;<\/span><\/li>\n<\/ul>\n<\/div>\n\n\n\n<div class=\"wp-block-column\" style=\"flex-basis:33.33%\">\n<figure class=\"wp-block-image size-large is-resized\"><a href=\"http:\/\/www.waterologies.com\/www\/wp-content\/uploads\/2015\/10\/solardistec-vasos.jpg\"><img loading=\"lazy\" src=\"http:\/\/www.waterologies.com\/www\/wp-content\/uploads\/2015\/10\/solardistec-vasos.jpg\" alt=\"\" class=\"wp-image-788\" width=\"324\" height=\"166\"\/><\/a><\/figure>\n<\/div>\n<\/div>\n\n\n<h5>Biosensores\u00a0<\/h5>\n\n\n<div class=\"wp-block-columns\">\n<div class=\"wp-block-column\">\n<figure class=\"wp-block-image size-large\"><a href=\"http:\/\/www.waterologies.com\/www\/wp-content\/uploads\/2021\/06\/IMG_2515-scaled.jpg\"><img loading=\"lazy\" width=\"1024\" height=\"683\" src=\"http:\/\/www.waterologies.com\/www\/wp-content\/uploads\/2021\/06\/IMG_2515-1024x683.jpg\" alt=\"\" class=\"wp-image-2556\" srcset=\"https:\/\/www.waterologies.com\/www\/wp-content\/uploads\/2021\/06\/IMG_2515-1024x683.jpg 1024w, https:\/\/www.waterologies.com\/www\/wp-content\/uploads\/2021\/06\/IMG_2515-300x200.jpg 300w, https:\/\/www.waterologies.com\/www\/wp-content\/uploads\/2021\/06\/IMG_2515-768x512.jpg 768w, https:\/\/www.waterologies.com\/www\/wp-content\/uploads\/2021\/06\/IMG_2515-1536x1024.jpg 1536w, https:\/\/www.waterologies.com\/www\/wp-content\/uploads\/2021\/06\/IMG_2515-2048x1365.jpg 2048w, https:\/\/www.waterologies.com\/www\/wp-content\/uploads\/2021\/06\/IMG_2515-1170x780.jpg 1170w, https:\/\/www.waterologies.com\/www\/wp-content\/uploads\/2021\/06\/IMG_2515-600x400.jpg 600w\" sizes=\"(max-width: 1024px) 100vw, 1024px\" \/><\/a><\/figure>\n<\/div>\n\n\n\n<div class=\"wp-block-column\">\n<figure class=\"wp-block-image size-large\"><a href=\"http:\/\/www.waterologies.com\/www\/wp-content\/uploads\/2021\/06\/IMG_2494-scaled.jpg\"><img loading=\"lazy\" width=\"1024\" height=\"683\" src=\"http:\/\/www.waterologies.com\/www\/wp-content\/uploads\/2021\/06\/IMG_2494-1024x683.jpg\" alt=\"\" class=\"wp-image-2535\" srcset=\"https:\/\/www.waterologies.com\/www\/wp-content\/uploads\/2021\/06\/IMG_2494-1024x683.jpg 1024w, https:\/\/www.waterologies.com\/www\/wp-content\/uploads\/2021\/06\/IMG_2494-300x200.jpg 300w, https:\/\/www.waterologies.com\/www\/wp-content\/uploads\/2021\/06\/IMG_2494-768x512.jpg 768w, https:\/\/www.waterologies.com\/www\/wp-content\/uploads\/2021\/06\/IMG_2494-1536x1024.jpg 1536w, https:\/\/www.waterologies.com\/www\/wp-content\/uploads\/2021\/06\/IMG_2494-2048x1365.jpg 2048w, https:\/\/www.waterologies.com\/www\/wp-content\/uploads\/2021\/06\/IMG_2494-1170x780.jpg 1170w, https:\/\/www.waterologies.com\/www\/wp-content\/uploads\/2021\/06\/IMG_2494-600x400.jpg 600w\" sizes=\"(max-width: 1024px) 100vw, 1024px\" \/><\/a><\/figure>\n<\/div>\n\n\n\n<div class=\"wp-block-column\">\n<figure class=\"wp-block-image size-large\"><a href=\"http:\/\/www.waterologies.com\/www\/wp-content\/uploads\/2021\/06\/IMG_2504-scaled.jpg\"><img loading=\"lazy\" width=\"1024\" height=\"683\" src=\"http:\/\/www.waterologies.com\/www\/wp-content\/uploads\/2021\/06\/IMG_2504-1024x683.jpg\" alt=\"\" class=\"wp-image-2545\" srcset=\"https:\/\/www.waterologies.com\/www\/wp-content\/uploads\/2021\/06\/IMG_2504-1024x683.jpg 1024w, https:\/\/www.waterologies.com\/www\/wp-content\/uploads\/2021\/06\/IMG_2504-300x200.jpg 300w, https:\/\/www.waterologies.com\/www\/wp-content\/uploads\/2021\/06\/IMG_2504-768x512.jpg 768w, https:\/\/www.waterologies.com\/www\/wp-content\/uploads\/2021\/06\/IMG_2504-1536x1024.jpg 1536w, https:\/\/www.waterologies.com\/www\/wp-content\/uploads\/2021\/06\/IMG_2504-2048x1365.jpg 2048w, https:\/\/www.waterologies.com\/www\/wp-content\/uploads\/2021\/06\/IMG_2504-1170x780.jpg 1170w, https:\/\/www.waterologies.com\/www\/wp-content\/uploads\/2021\/06\/IMG_2504-600x400.jpg 600w\" sizes=\"(max-width: 1024px) 100vw, 1024px\" \/><\/a><\/figure>\n<\/div>\n<\/div>\n\n\n<div  class=\"grve-section grve-feature-footer\"  style=\"background-color:#077bcc;color:#ffffff;padding-top: 20px;padding-bottom: 20px;\">  <div class=\"grve-row\">\n\t\t<div class=\"wpb_column grve-column-1\">\n\t\t\t<div class=\"grve-element grve-callout grve-style-1\" style=\"\">  <h4 class=\"grve-callout-content\">\u00bfTrabajar con agua?<\/h4>  <p>Podemos ayudarle a ser competitivo y respetuoso con el medio ambiente.<\/p><a class=\"grve-btn grve-btn-medium grve-btn-line\" href=\"http:\/\/www.waterologies.com\/www\/contact\/\"  target=\"_self\" style=\"\"><span>CONTACTAR CON NOSOTROS<\/span><\/a><\/div>\n\t\t<\/div>\n\t  <\/div><\/div> &lt;br&gt; &lt;br&gt;<\/p>","protected":false},"excerpt":{"rendered":"<p>Los dispositivos de Waterologies generan in situ un desinfectante respetuoso con el medio ambiente, utilizando baja potencia y sin m\u00e1s producto que el cloruro s\u00f3dico. Esto s\u00f3lo es posible gracias a un esfuerzo innovador que integra el conocimiento profundo de los procesos electroqu\u00edmicos asociados a la tecnolog\u00eda de membranas, incorporando la nanotecnolog\u00eda de \u00faltima generaci\u00f3n,<a class=\"grve-read-more\" href=\"https:\/\/www.waterologies.com\/es\/analisis-y-desarrollo\/\">read more<\/a><\/p>\n","protected":false},"author":1,"featured_media":0,"parent":0,"menu_order":0,"comment_status":"closed","ping_status":"closed","template":"","meta":[],"_links":{"self":[{"href":"https:\/\/www.waterologies.com\/wp-json\/wp\/v2\/pages\/1869"}],"collection":[{"href":"https:\/\/www.waterologies.com\/wp-json\/wp\/v2\/pages"}],"about":[{"href":"https:\/\/www.waterologies.com\/wp-json\/wp\/v2\/types\/page"}],"author":[{"embeddable":true,"href":"https:\/\/www.waterologies.com\/wp-json\/wp\/v2\/users\/1"}],"replies":[{"embeddable":true,"href":"https:\/\/www.waterologies.com\/wp-json\/wp\/v2\/comments?post=1869"}],"version-history":[{"count":31,"href":"https:\/\/www.waterologies.com\/wp-json\/wp\/v2\/pages\/1869\/revisions"}],"predecessor-version":[{"id":2819,"href":"https:\/\/www.waterologies.com\/wp-json\/wp\/v2\/pages\/1869\/revisions\/2819"}],"wp:attachment":[{"href":"https:\/\/www.waterologies.com\/wp-json\/wp\/v2\/media?parent=1869"}],"curies":[{"name":"wp","href":"https:\/\/api.w.org\/{rel}","templated":true}]}}