{"id":1977,"date":"2021-06-21T17:51:18","date_gmt":"2021-06-21T15:51:18","guid":{"rendered":"http:\/\/www.waterologies.com\/www\/es\/?page_id=1977"},"modified":"2021-07-19T17:41:42","modified_gmt":"2021-07-19T15:41:42","slug":"ecologico","status":"publish","type":"page","link":"https:\/\/www.waterologies.com\/es\/ecologico\/","title":{"rendered":"Ecol\u00f3gico"},"content":{"rendered":"\n<div  class=\"grve-section\" >  <div class=\"grve-row\">  <\/div><\/div>\n\t\t<div class=\"wpb_column grve-column-1\">\n\t\t\t\n\t\t<\/div>\n\t<div class=\"grve-element grve-slogan grve-align-center\" style=\"\"><h3 class=\"grve-slogan-title grve-align-center grve-title-no-line\">Waterologies integr\u00f3 los conocimientos electroqu\u00edmicos, la nanotecnolog\u00eda, la microelectr\u00f3nica y el internet de las cosas.<\/h3>  <p>Inteligencia para un mundo m\u00e1s inteligente.<\/p><\/div>\n\n\n\n<div class=\"wp-block-columns\">\n<div class=\"wp-block-column\" style=\"flex-basis:66.66%\">\n<p>Con <strong>el<\/strong> <strong>menor impacto energ\u00e9tico posible<\/strong> y para llegar de forma sostenible a los lugares cada vez m\u00e1s necesitados y remotos, hemos aprendido de la naturaleza para adaptar tecnolog\u00edas punteras a su eficacia. Sabemos c\u00f3mo el cuerpo humano controla las infecciones en los fluidos acuosos, c\u00f3mo genera un desinfectante eficaz contra bacterias, virus, hongos y esporas sin afectar a los organismos superiores.<\/p>\n<blockquote class=\"grve-element grve-style-2\" style=\"\"><p><strong>Nuestra tecnolog\u00eda se basa en una familia de dispositivos inteligentes generadores de producto desinfectante a trav\u00e9s de la soluci\u00f3n salina electroactivada a partir de cloruro s\u00f3dico, una t\u00e9cnica que no requiere el uso de productos qu\u00edmicos, que son letales para los microorganismos, pero inofensivos para la salud, y el medio ambiente.<\/strong><\/p><\/blockquote>\n<\/div>\n\n\n\n<div class=\"wp-block-column\" style=\"flex-basis:33.33%\">\n<div class=\"wp-block-image\"><figure class=\"aligncenter size-large is-resized\"><a href=\"http:\/\/www.waterologies.com\/www\/wp-content\/uploads\/2015\/09\/gota-waterologies-e1624868601688.jpg\"><img loading=\"lazy\" src=\"http:\/\/www.waterologies.com\/www\/wp-content\/uploads\/2015\/09\/gota-waterologies-e1624868601688.jpg\" alt=\"\" class=\"wp-image-216\" width=\"205\" height=\"239\"\/><\/a><\/figure><\/div>\n<\/div>\n<\/div>\n","protected":false},"excerpt":{"rendered":"<p>Con el menor impacto energ\u00e9tico posible y para llegar de forma sostenible a los lugares cada vez m\u00e1s necesitados y remotos, hemos aprendido de la naturaleza para adaptar tecnolog\u00edas punteras a su eficacia. Sabemos c\u00f3mo el cuerpo humano controla las infecciones en los fluidos acuosos, c\u00f3mo genera un desinfectante eficaz contra bacterias, virus, hongos y<a class=\"grve-read-more\" href=\"https:\/\/www.waterologies.com\/es\/ecologico\/\">read more<\/a><\/p>\n","protected":false},"author":1,"featured_media":0,"parent":0,"menu_order":0,"comment_status":"closed","ping_status":"closed","template":"","meta":[],"_links":{"self":[{"href":"https:\/\/www.waterologies.com\/wp-json\/wp\/v2\/pages\/1977"}],"collection":[{"href":"https:\/\/www.waterologies.com\/wp-json\/wp\/v2\/pages"}],"about":[{"href":"https:\/\/www.waterologies.com\/wp-json\/wp\/v2\/types\/page"}],"author":[{"embeddable":true,"href":"https:\/\/www.waterologies.com\/wp-json\/wp\/v2\/users\/1"}],"replies":[{"embeddable":true,"href":"https:\/\/www.waterologies.com\/wp-json\/wp\/v2\/comments?post=1977"}],"version-history":[{"count":14,"href":"https:\/\/www.waterologies.com\/wp-json\/wp\/v2\/pages\/1977\/revisions"}],"predecessor-version":[{"id":2489,"href":"https:\/\/www.waterologies.com\/wp-json\/wp\/v2\/pages\/1977\/revisions\/2489"}],"wp:attachment":[{"href":"https:\/\/www.waterologies.com\/wp-json\/wp\/v2\/media?parent=1977"}],"curies":[{"name":"wp","href":"https:\/\/api.w.org\/{rel}","templated":true}]}}