{"id":39,"date":"2015-09-29T10:23:07","date_gmt":"2015-09-29T10:23:07","guid":{"rendered":"http:\/\/waterologies.instint.net\/www\/?page_id=39"},"modified":"2021-07-20T16:51:49","modified_gmt":"2021-07-20T14:51:49","slug":"waterologies","status":"publish","type":"page","link":"https:\/\/www.waterologies.com\/es\/waterologies\/","title":{"rendered":"Waterologies"},"content":{"rendered":"<div  class=\"grve-section\" >  <div class=\"grve-row\">\n\t\t<div class=\"wpb_column grve-column-1\">\n\t\t\t<div class=\"grve-element grve-slogan grve-align-center\" style=\"\"><h3 class=\"grve-slogan-title grve-align-center grve-title-line\"> El agua es vida. Eso es lo que nos importa.<\/h3>  <p>La preocupaci\u00f3n global por el futuro de nuestro planeta tiene mucho que ver con una gesti\u00f3n racional del agua. Waterologies quiere ser una gota esencial que aporta conocimiento, valor y tecnolog\u00eda<br>a este gran reto.<\/p><\/div>\n\t\t<\/div>\n\t  <\/div><\/div><div  class=\"grve-section\" >  <div class=\"grve-row\">\n\t\t<div class=\"wpb_column grve-column-1\">\n\t\t\t<div class=\"grve-element grve-image grve-align-center grve-animated-item fadeInUp\" style=\"\" data-delay=\"200\">  <img alt=\"\" src=\"https:\/\/www.waterologies.com\/www\/wp-content\/uploads\/2015\/09\/huella-waterologies.png\" width=\"879\" height=\"534\"><\/div>\n\t\t<\/div>\n\t  <\/div><\/div>\n<p><\/p>\n\n\n<div class=\"wp-block-columns\">\n<div class=\"wp-block-column\" style=\"flex-basis:33.33%\">\n<h5><strong>Sustainable Development Goals<\/strong><\/h5>\n<p>En 2015, los l\u00edderes mundiales establecieron 17 Objetivos de Desarrollo Sostenible (ODS) para lograr un mundo justo, m\u00e1s saludable y en sinton\u00eda con la naturaleza.<\/p>\n<p>En este caso, Waterologies cumple m\u00e1s de la mitad de los objetivos propuestos en este reto.<\/p>\n<p>Nuestro objetivo en los pr\u00f3ximos a\u00f1os es lograr todos los objetivos de este reto para alcanzar el m\u00e1ximo bienestar de todo el mundo y de quienes viven en \u00e9l.<\/p>\n<\/div>\n\n\n\n<div class=\"wp-block-column\" style=\"flex-basis:66.66%\">\n<div class=\"wp-block-image\"><figure class=\"aligncenter size-large is-resized\"><a href=\"http:\/\/www.waterologies.com\/www\/wp-content\/uploads\/2021\/07\/agenda-2020-y-objetivos-de-desarrollo-sostenible-2.png\"><img loading=\"lazy\" src=\"http:\/\/www.waterologies.com\/www\/wp-content\/uploads\/2021\/07\/agenda-2020-y-objetivos-de-desarrollo-sostenible-2.png\" alt=\"\" class=\"wp-image-2840\" width=\"466\" height=\"286\" srcset=\"https:\/\/www.waterologies.com\/www\/wp-content\/uploads\/2021\/07\/agenda-2020-y-objetivos-de-desarrollo-sostenible-2.png 730w, https:\/\/www.waterologies.com\/www\/wp-content\/uploads\/2021\/07\/agenda-2020-y-objetivos-de-desarrollo-sostenible-2-300x185.png 300w, https:\/\/www.waterologies.com\/www\/wp-content\/uploads\/2021\/07\/agenda-2020-y-objetivos-de-desarrollo-sostenible-2-600x370.png 600w\" sizes=\"(max-width: 466px) 100vw, 466px\" \/><\/a><\/figure><\/div>\n<\/div>\n<\/div>\n","protected":false},"excerpt":{"rendered":"<p>Sustainable Development Goals En 2015, los l\u00edderes mundiales establecieron 17 Objetivos de Desarrollo Sostenible (ODS) para lograr un mundo justo, m\u00e1s saludable y en sinton\u00eda con la naturaleza. En este caso, Waterologies cumple m\u00e1s de la mitad de los objetivos propuestos en este reto. Nuestro objetivo en los pr\u00f3ximos a\u00f1os es lograr todos los objetivos<a class=\"grve-read-more\" href=\"https:\/\/www.waterologies.com\/es\/waterologies\/\">read more<\/a><\/p>\n","protected":false},"author":1,"featured_media":0,"parent":0,"menu_order":0,"comment_status":"closed","ping_status":"closed","template":"","meta":[],"_links":{"self":[{"href":"https:\/\/www.waterologies.com\/wp-json\/wp\/v2\/pages\/39"}],"collection":[{"href":"https:\/\/www.waterologies.com\/wp-json\/wp\/v2\/pages"}],"about":[{"href":"https:\/\/www.waterologies.com\/wp-json\/wp\/v2\/types\/page"}],"author":[{"embeddable":true,"href":"https:\/\/www.waterologies.com\/wp-json\/wp\/v2\/users\/1"}],"replies":[{"embeddable":true,"href":"https:\/\/www.waterologies.com\/wp-json\/wp\/v2\/comments?post=39"}],"version-history":[{"count":25,"href":"https:\/\/www.waterologies.com\/wp-json\/wp\/v2\/pages\/39\/revisions"}],"predecessor-version":[{"id":2845,"href":"https:\/\/www.waterologies.com\/wp-json\/wp\/v2\/pages\/39\/revisions\/2845"}],"wp:attachment":[{"href":"https:\/\/www.waterologies.com\/wp-json\/wp\/v2\/media?parent=39"}],"curies":[{"name":"wp","href":"https:\/\/api.w.org\/{rel}","templated":true}]}}