{"id":41,"date":"2015-09-29T10:23:20","date_gmt":"2015-09-29T10:23:20","guid":{"rendered":"http:\/\/waterologies.instint.net\/www\/?page_id=41"},"modified":"2021-06-21T10:40:06","modified_gmt":"2021-06-21T08:40:06","slug":"productos","status":"publish","type":"page","link":"https:\/\/www.waterologies.com\/es\/productos\/","title":{"rendered":"Productos"},"content":{"rendered":"<div  class=\"grve-section\" >  <div class=\"grve-row\">\n\t\t<div class=\"wpb_column grve-column-1\">\n\t\t\t<div class=\"grve-element grve-slogan grve-align-center\" style=\"\"><div class=\"grve-slogan-subtitle\">Waterologies lleva a cabo una gesti\u00f3n del agua en la que optimiza los costes, mejora los sistemas de producci\u00f3n y aplica su propia innovaci\u00f3n en materia de investigaci\u00f3n.<\/div>  <p>El sistema que reproduce eficazmente la forma en que la naturaleza se enfrenta a la proliferaci\u00f3n de pat\u00f3genos.<\/p><\/div><div  class=\"grve-row\">\n\t\t<div class=\"wpb_column grve-column-1-2\">\n\t\t\t<div class=\"grve-element grve-text\">\t\t\n\t\t\t<p>Las membranas desarrolladas por <strong>Waterologies<\/strong> son las \u00fanicas capaces de generar cantidades adecuadas de desinfectante compatibles con los organismos celulares superiores y, al mismo tiempo, de matar bacterias, virus, hongos y esporas.<\/p>\n\t\n\t\t<\/div>\n\t<blockquote class=\"grve-element grve-animated-item moveLeft\" style=\"\" data-delay=\"200\"><p>Los sensores de \u00faltima generaci\u00f3n dise\u00f1ados para detectar la aparici\u00f3n del biofilm en su fase incipiente de desarrollo, y el sistema de seguimiento centralizado en l\u00ednea de sus mediciones, permiten una actuaci\u00f3n eficaz y segura con un coste m\u00ednimo de producto, energ\u00eda y equipos.<\/p><\/blockquote><div class=\"grve-element grve-text\">\t\t\n\t\t\t<p>Los equipos de depuraci\u00f3n Waterologies son el tratamiento <strong>Smart<\/strong> que da soluci\u00f3n a los principales retos de disponibilidad de agua con garant\u00edas sanitarias y de proceso.<\/p>\n\t\n\t\t<\/div>\n<h4><h3 class=\"grve-element grve-align-left grve-title-no-line\" style=\"\">Concepto de Smart System<\/h3><\/h4>\n<p>El concepto Smart System y ofrece la posibilidad de controlar totalmente la proliferaci\u00f3n de microorganismos mediante la monitorizaci\u00f3n de las instalaciones. El producto desinfectante elimina todo el biofilm generado en las instalaciones, lo que mejora los circuitos de rendimiento, evita la corrosi\u00f3n de los materiales y el desgaste de las instalaciones.<\/p>\n<p>El Sistema Inteligente para el control microbiol\u00f3gico de las instalaciones es totalmente vers\u00e1til y adaptable a las caracter\u00edsticas espec\u00edficas de cualquier instalaci\u00f3n que requiera un control microbiol\u00f3gico.<\/p>\n<p>\n\t\t<\/div>\n\t\n\t\t<div class=\"wpb_column grve-column-1-2\">\n\t\t\t<\/p>\n<h4>Los valores de nuestros productos:<\/h4>\n<div class=\"grve-element grve-progress-bars\" style=\"\"><div class=\"grve-element grve-progress-bar grve-margin-10\" data-value=\"100\">  <div class=\"grve-bar-title\">Efficacy against pathogens (especially legionella)<\/div>  <div class=\"grve-bar\">    <div class=\"grve-bar-line grve-primary\"><\/div>  <\/div><\/div><div class=\"grve-element grve-progress-bar grve-margin-10\" data-value=\"100\">  <div class=\"grve-bar-title\">Biofilm prevention and removal<\/div>  <div class=\"grve-bar\">    <div class=\"grve-bar-line grve-primary\"><\/div>  <\/div><\/div><div class=\"grve-element grve-progress-bar grve-margin-10\" data-value=\"50\">  <div class=\"grve-bar-title\">Low energy consumption<\/div>  <div class=\"grve-bar\">    <div class=\"grve-bar-line grve-primary\"><\/div>  <\/div><\/div><div class=\"grve-element grve-progress-bar grve-margin-10\" data-value=\"90\">  <div class=\"grve-bar-title\">Without addition of chemical disinfectant (on-site generation)<\/div>  <div class=\"grve-bar\">    <div class=\"grve-bar-line grve-primary\"><\/div>  <\/div><\/div><div class=\"grve-element grve-progress-bar grve-margin-10\" data-value=\"90\">  <div class=\"grve-bar-title\">No environmental impact<\/div>  <div class=\"grve-bar\">    <div class=\"grve-bar-line grve-primary\"><\/div>  <\/div><\/div><div class=\"grve-element grve-progress-bar grve-margin-10\" data-value=\"100\">  <div class=\"grve-bar-title\">Safety in use and health of consumers<\/div>  <div class=\"grve-bar\">    <div class=\"grve-bar-line grve-primary\"><\/div>  <\/div><\/div><div class=\"grve-element grve-progress-bar grve-margin-10\" data-value=\"90\">  <div class=\"grve-bar-title\">Small-scale accessibility and autonomy of use<\/div>  <div class=\"grve-bar\">    <div class=\"grve-bar-line grve-primary\"><\/div>  <\/div><\/div><\/div>\n\t\t<\/div>\n\t<\/div>\n\t\t<\/div>\n\t  <\/div><\/div>\n","protected":false},"excerpt":{"rendered":"Waterologies lleva a cabo una gesti\u00f3n del agua en la que optimiza los costes, mejora los sistemas de producci\u00f3n y aplica su propia innovaci\u00f3n en materia de investigaci\u00f3n. El sistema que reproduce eficazmente la forma en que la naturaleza se enfrenta a la proliferaci\u00f3n de pat\u00f3genos. Las membranas desarrolladas por Waterologies son las \u00fanicas capaces<a class=\"grve-read-more\" href=\"https:\/\/www.waterologies.com\/es\/productos\/\">read more<\/a>","protected":false},"author":1,"featured_media":0,"parent":0,"menu_order":0,"comment_status":"closed","ping_status":"closed","template":"","meta":[],"_links":{"self":[{"href":"https:\/\/www.waterologies.com\/wp-json\/wp\/v2\/pages\/41"}],"collection":[{"href":"https:\/\/www.waterologies.com\/wp-json\/wp\/v2\/pages"}],"about":[{"href":"https:\/\/www.waterologies.com\/wp-json\/wp\/v2\/types\/page"}],"author":[{"embeddable":true,"href":"https:\/\/www.waterologies.com\/wp-json\/wp\/v2\/users\/1"}],"replies":[{"embeddable":true,"href":"https:\/\/www.waterologies.com\/wp-json\/wp\/v2\/comments?post=41"}],"version-history":[{"count":19,"href":"https:\/\/www.waterologies.com\/wp-json\/wp\/v2\/pages\/41\/revisions"}],"predecessor-version":[{"id":1939,"href":"https:\/\/www.waterologies.com\/wp-json\/wp\/v2\/pages\/41\/revisions\/1939"}],"wp:attachment":[{"href":"https:\/\/www.waterologies.com\/wp-json\/wp\/v2\/media?parent=41"}],"curies":[{"name":"wp","href":"https:\/\/api.w.org\/{rel}","templated":true}]}}