{"id":43,"date":"2015-09-29T10:24:51","date_gmt":"2015-09-29T10:24:51","guid":{"rendered":"http:\/\/waterologies.instint.net\/www\/?page_id=43"},"modified":"2021-06-23T12:18:22","modified_gmt":"2021-06-23T10:18:22","slug":"noticias","status":"publish","type":"page","link":"https:\/\/www.waterologies.com\/es\/noticias\/","title":{"rendered":"Noticias"},"content":{"rendered":"<div  class=\"grve-section\" >  <div class=\"grve-row\">\n\t\t<div class=\"wpb_column grve-column-1\">\n\t\t\t\t\t<div class=\"grve-element grve-blog \" style=\"\">\n\t\t\t<div class=\"grve-isotope-container\" data-columns=\"2\" data-layout=\"fitRows\">\n\t\t\t<article id=\"post-1409\" class=\"grve-isotope-item post-1409 post type-post status-publish format-video hentry category-agua category-sin-categoria tag-agua post_format-post-format-video\">\n\t\t\t\t<div class=\"grve-media\"><iframe width=\"1080\" height=\"608\" src=\"https:\/\/www.youtube.com\/embed\/H3OGIJIVPVc?start=85&feature=oembed\" frameborder=\"0\" allow=\"autoplay; encrypted-media\" allowfullscreen><\/iframe><\/div>\t\t\t\t<div class=\"grve-post-content\">\n\n\t\t\t\t\t\t\t\t\t\t<a href=\"https:\/\/www.waterologies.com\/es\/pure-water-box-especial-para-emergencias-y-lugares-remotos\/\" rel=\"bookmark\"><h5 class=\"grve-post-title\">Pure Water Box. Especial para emergencias y lugares remotos<\/h5><\/a>\n\t\t\t\t\t<div class=\"grve-post-meta\">\n\t\t\t\t\t\t\t<span class=\"grve-post-date\">\n\t\tenero 16, 2018\t<\/span>\n\t\t\t\t\t\t\t<span class=\"grve-post-comments\">\n\t\t<a href=\"https:\/\/www.waterologies.com\/es\/pure-water-box-especial-para-emergencias-y-lugares-remotos\/#commentform\">no comments<\/a>\n\t<\/span>\n\t\t\t\t\t\t\t\t<span class=\"grve-post-categories\">\n\t\t\tin <a href=\"https:\/\/www.waterologies.com\/es\/category\/agua\/\" rel=\"category tag\">Agua<\/a>, <a href=\"https:\/\/www.waterologies.com\/es\/category\/sin-categoria\/\" rel=\"category tag\">Sin categor\u00eda<\/a>\t\t<\/span>\n\t\t\t\t\t\t\t\t\t\t\t<\/div>\n\n\t\t\t\t\t<p>Presentamos Pure Water Box. Un equipo pensado para conseguir agua libre del 99.9 % de bacterias y el 100% de turbidez. F\u00e1cil limpieza. Cada membrana puede filtrar m\u00e1s de un mill\u00f3n de litros. Incluye Power Bank de 3800 mAh En breve dispondremos de tienda online.<\/p><a class=\"grve-read-more\" href=\"https:\/\/www.waterologies.com\/es\/pure-water-box-especial-para-emergencias-y-lugares-remotos\/\">read more<\/a>\n\t\t\t\t<\/div>\n\t\t\t<\/article>\n\n\t\t\t<article id=\"post-1290\" class=\"grve-isotope-item post-1290 post type-post status-publish format-standard has-post-thumbnail hentry category-agua category-empresa tag-desinfectante-agua tag-dispositiu-portatil tag-emergencias tag-humanitario tag-purificacion tag-tragedias\">\n\t\t\t\t\t\t<div class=\"grve-media\">\n\t\t\t<a href=\"https:\/\/www.waterologies.com\/es\/feria-de-naciones-unidas-en-valencia\/\"><img width=\"570\" height=\"320\" src=\"https:\/\/www.waterologies.com\/www\/wp-content\/uploads\/2017\/11\/Feria-FED-Versalles-2017-2-570x320.jpeg\" class=\"attachment-grve-image-blog-small size-grve-image-blog-small wp-post-image\" alt=\"\" loading=\"lazy\" srcset=\"https:\/\/www.waterologies.com\/www\/wp-content\/uploads\/2017\/11\/Feria-FED-Versalles-2017-2-570x320.jpeg 570w, https:\/\/www.waterologies.com\/www\/wp-content\/uploads\/2017\/11\/Feria-FED-Versalles-2017-2-1170x658.jpeg 1170w\" sizes=\"(max-width: 570px) 100vw, 570px\" \/><\/a>\n\t\t<\/div>\n\t\t\t\t<div class=\"grve-post-content\">\n\n\t\t\t\t\t\t\t\t\t\t<a href=\"https:\/\/www.waterologies.com\/es\/feria-de-naciones-unidas-en-valencia\/\" rel=\"bookmark\"><h5 class=\"grve-post-title\">Waterologies en la feria FED de empresas de log\u00edstica de campa\u00f1a en Versalles junto a nuestros colaboradores de RCY<\/h5><\/a>\n\t\t\t\t\t<div class=\"grve-post-meta\">\n\t\t\t\t\t\t\t<span class=\"grve-post-date\">\n\t\tnoviembre 1, 2017\t<\/span>\n\t\t\t\t\t\t\t<span class=\"grve-post-comments\">\n\t\t<a href=\"https:\/\/www.waterologies.com\/es\/feria-de-naciones-unidas-en-valencia\/#commentform\">no comments<\/a>\n\t<\/span>\n\t\t\t\t\t\t\t\t<span class=\"grve-post-categories\">\n\t\t\tin <a href=\"https:\/\/www.waterologies.com\/es\/category\/agua\/\" rel=\"category tag\">Agua<\/a>, <a href=\"https:\/\/www.waterologies.com\/es\/category\/empresa\/\" rel=\"category tag\">Empresa<\/a>\t\t<\/span>\n\t\t\t\t\t\t\t\t\t\t\t<\/div>\n\n\t\t\t\t\t<p>El pasado\u00a017 y 18 de octubre estuvimos presentes en la feria de Empresas que abastecen a los equipos de intervenci\u00f3n del ej\u00e9rcito franc\u00e9s, de la mano de nuestros socios de RCY. Presentamos el nuevo\u00a0producto Backpack con filtros de membrana de bajo ensuciamiento y limpieza en el mismo equipo. Nuestros equipos generan hasta 200 litros\/hora y&hellip;<\/p><a class=\"grve-read-more\" href=\"https:\/\/www.waterologies.com\/es\/feria-de-naciones-unidas-en-valencia\/\">read more<\/a>\n\t\t\t\t<\/div>\n\t\t\t<\/article>\n\n\t\t\t<article id=\"post-1243\" class=\"grve-isotope-item post-1243 post type-post status-publish format-video hentry category-agua category-innovacion tag-agua tag-dispositiu-portatil tag-emergencias tag-humanitario tag-mochilas tag-purificacion tag-salud tag-tragedias post_format-post-format-video\">\n\t\t\t\t<div class=\"grve-media\"><iframe src=\"https:\/\/player.vimeo.com\/video\/177361871\" width=\"1080\" height=\"608\" frameborder=\"0\" title=\"Solardistech backpack - Waterologies\" webkitallowfullscreen mozallowfullscreen allowfullscreen><\/iframe><\/div>\t\t\t\t<div class=\"grve-post-content\">\n\n\t\t\t\t\t\t\t\t\t\t<a href=\"https:\/\/www.waterologies.com\/es\/asi-es-el-solardistech-backpack\/\" rel=\"bookmark\"><h5 class=\"grve-post-title\">As\u00ed es el Solardistech Backpack<\/h5><\/a>\n\t\t\t\t\t<div class=\"grve-post-meta\">\n\t\t\t\t\t\t\t<span class=\"grve-post-date\">\n\t\toctubre 31, 2017\t<\/span>\n\t\t\t\t\t\t\t<span class=\"grve-post-comments\">\n\t\t<a href=\"https:\/\/www.waterologies.com\/es\/asi-es-el-solardistech-backpack\/#commentform\">no comments<\/a>\n\t<\/span>\n\t\t\t\t\t\t\t\t<span class=\"grve-post-categories\">\n\t\t\tin <a href=\"https:\/\/www.waterologies.com\/es\/category\/agua\/\" rel=\"category tag\">Agua<\/a>, <a href=\"https:\/\/www.waterologies.com\/es\/category\/innovacion\/\" rel=\"category tag\">innovaci\u00f3n<\/a>\t\t<\/span>\n\t\t\t\t\t\t\t\t\t\t\t<\/div>\n\n\t\t\t\t\t<p>El agua potable es esencial para la vida, y el objetivo del Solardistech Backpack es proporcionarla de un modo r\u00e1pido, seguro y aut\u00f3nomo en cualquier ubicaci\u00f3n donde se requiera&#x1f4a7;.<\/p><a class=\"grve-read-more\" href=\"https:\/\/www.waterologies.com\/es\/asi-es-el-solardistech-backpack\/\">read more<\/a>\n\t\t\t\t<\/div>\n\t\t\t<\/article>\n\n\t\t\t<article id=\"post-650\" class=\"grve-isotope-item post-650 post type-post status-publish format-standard has-post-thumbnail hentry category-empresa\">\n\t\t\t\t\t\t<div class=\"grve-media\">\n\t\t\t<a href=\"https:\/\/www.waterologies.com\/es\/tratamiento-del-agua-en-la-agricultura-y-la-ganaderia\/\"><img width=\"570\" height=\"320\" src=\"https:\/\/www.waterologies.com\/www\/wp-content\/uploads\/2016\/05\/image-42-570x320.jpg\" class=\"attachment-grve-image-blog-small size-grve-image-blog-small wp-post-image\" alt=\"\" loading=\"lazy\" \/><\/a>\n\t\t<\/div>\n\t\t\t\t<div class=\"grve-post-content\">\n\n\t\t\t\t\t\t\t\t\t\t<a href=\"https:\/\/www.waterologies.com\/es\/tratamiento-del-agua-en-la-agricultura-y-la-ganaderia\/\" rel=\"bookmark\"><h5 class=\"grve-post-title\">Tratamiento del agua en la AGRICULTURA y la GANADERIA<\/h5><\/a>\n\t\t\t\t\t<div class=\"grve-post-meta\">\n\t\t\t\t\t\t\t<span class=\"grve-post-date\">\n\t\tmayo 30, 2016\t<\/span>\n\t\t\t\t\t\t\t<span class=\"grve-post-comments\">\n\t\t<a href=\"https:\/\/www.waterologies.com\/es\/tratamiento-del-agua-en-la-agricultura-y-la-ganaderia\/#commentform\">no comments<\/a>\n\t<\/span>\n\t\t\t\t\t\t\t\t<span class=\"grve-post-categories\">\n\t\t\tin <a href=\"https:\/\/www.waterologies.com\/es\/category\/empresa\/\" rel=\"category tag\">Empresa<\/a>\t\t<\/span>\n\t\t\t\t\t\t\t\t\t\t\t<\/div>\n\n\t\t\t\t\t<p>La eliminaci\u00f3n de bacterias, hongos y esporas de hongos que atacan a los cultivos es prioritario para cumplir condiciones de alto rendimiento y seguridad &#x1f4a7;.<\/p><a class=\"grve-read-more\" href=\"https:\/\/www.waterologies.com\/es\/tratamiento-del-agua-en-la-agricultura-y-la-ganaderia\/\">read more<\/a>\n\t\t\t\t<\/div>\n\t\t\t<\/article>\n\n\t\t\t<article id=\"post-645\" class=\"grve-isotope-item post-645 post type-post status-publish format-standard has-post-thumbnail hentry category-innovacion tag-desinfectante-agua tag-desinfectante-ecofriendly tag-hoteles tag-industrial tag-spa tag-torres-de-refrigeracion\">\n\t\t\t\t\t\t<div class=\"grve-media\">\n\t\t\t<a href=\"https:\/\/www.waterologies.com\/es\/equipos-de-electrolisis-salina-dinotec\/\"><img width=\"570\" height=\"320\" src=\"https:\/\/www.waterologies.com\/www\/wp-content\/uploads\/2016\/05\/dinotec-570x320.jpg\" class=\"attachment-grve-image-blog-small size-grve-image-blog-small wp-post-image\" alt=\"Equipos de electr\u00f3lisis salina\" loading=\"lazy\" \/><\/a>\n\t\t<\/div>\n\t\t\t\t<div class=\"grve-post-content\">\n\n\t\t\t\t\t\t\t\t\t\t<a href=\"https:\/\/www.waterologies.com\/es\/equipos-de-electrolisis-salina-dinotec\/\" rel=\"bookmark\"><h5 class=\"grve-post-title\">Equipos de electr\u00f3lisis salina DINOTEC<\/h5><\/a>\n\t\t\t\t\t<div class=\"grve-post-meta\">\n\t\t\t\t\t\t\t<span class=\"grve-post-date\">\n\t\tmayo 25, 2016\t<\/span>\n\t\t\t\t\t\t\t<span class=\"grve-post-comments\">\n\t\t<a href=\"https:\/\/www.waterologies.com\/es\/equipos-de-electrolisis-salina-dinotec\/#commentform\">no comments<\/a>\n\t<\/span>\n\t\t\t\t\t\t\t\t<span class=\"grve-post-categories\">\n\t\t\tin <a href=\"https:\/\/www.waterologies.com\/es\/category\/innovacion\/\" rel=\"category tag\">innovaci\u00f3n<\/a>\t\t<\/span>\n\t\t\t\t\t\t\t\t\t\t\t<\/div>\n\n\t\t\t\t\t<p>Los procesos de cloraci\u00f3n en\u00a0HOTELES, SPAS o INDUSTRIAS, EXPLOTACIONES AGR\u00cdCOLAS O GANADERAS\u00a0necesitan un control\u00a0exhaustivo del agua en todos sus procesos. Y esta es nuestra especialidad.<\/p><a class=\"grve-read-more\" href=\"https:\/\/www.waterologies.com\/es\/equipos-de-electrolisis-salina-dinotec\/\">read more<\/a>\n\t\t\t\t<\/div>\n\t\t\t<\/article>\n\n\t\t\t<article id=\"post-642\" class=\"grve-isotope-item post-642 post type-post status-publish format-standard has-post-thumbnail hentry category-innovacion tag-cuir tag-curtidor tag-pell\">\n\t\t\t\t\t\t<div class=\"grve-media\">\n\t\t\t<a href=\"https:\/\/www.waterologies.com\/es\/solucions-waterologies-per-la-industria-de-la-pell\/\"><img width=\"570\" height=\"320\" src=\"https:\/\/www.waterologies.com\/www\/wp-content\/uploads\/2015\/09\/gestion-waterologies-570x320.jpg\" class=\"attachment-grve-image-blog-small size-grve-image-blog-small wp-post-image\" alt=\"Solucions Waterologies per la ind\u00fastria de la pell - Waterologies\" loading=\"lazy\" \/><\/a>\n\t\t<\/div>\n\t\t\t\t<div class=\"grve-post-content\">\n\n\t\t\t\t\t\t\t\t\t\t<a href=\"https:\/\/www.waterologies.com\/es\/solucions-waterologies-per-la-industria-de-la-pell\/\" rel=\"bookmark\"><h5 class=\"grve-post-title\">Solucions Waterologies per la ind\u00fastria de la pell<\/h5><\/a>\n\t\t\t\t\t<div class=\"grve-post-meta\">\n\t\t\t\t\t\t\t<span class=\"grve-post-date\">\n\t\tmayo 10, 2016\t<\/span>\n\t\t\t\t\t\t\t<span class=\"grve-post-comments\">\n\t\t<a href=\"https:\/\/www.waterologies.com\/es\/solucions-waterologies-per-la-industria-de-la-pell\/#commentform\">no comments<\/a>\n\t<\/span>\n\t\t\t\t\t\t\t\t<span class=\"grve-post-categories\">\n\t\t\tin <a href=\"https:\/\/www.waterologies.com\/es\/category\/innovacion\/\" rel=\"category tag\">innovaci\u00f3n<\/a>\t\t<\/span>\n\t\t\t\t\t\t\t\t\t\t\t<\/div>\n\n\t\t\t\t\t<p>Waterologies desenvolupa solucions t\u00e8cniques avan\u00e7ades per processos industrials intensius en l&#8217;\u00fas de l&#8217;aigua.<\/p><a class=\"grve-read-more\" href=\"https:\/\/www.waterologies.com\/es\/solucions-waterologies-per-la-industria-de-la-pell\/\">read more<\/a>\n\t\t\t\t<\/div>\n\t\t\t<\/article>\n\n\t\t\t<\/div>\n<div class=\"grve-pagination\"><ul class='page-numbers'>\n\t<li><span aria-current=\"page\" class=\"page-numbers current\">1<\/span><\/li>\n\t<li><a class=\"page-numbers\" href=\"https:\/\/www.waterologies.com\/es\/wp-json\/wp\/v2\/pages\/43\/page\/2\/\">2<\/a><\/li>\n\t<li><a class=\"page-numbers\" href=\"https:\/\/www.waterologies.com\/es\/wp-json\/wp\/v2\/pages\/43\/page\/3\/\">3<\/a><\/li>\n\t<li><a class=\"next page-numbers\" href=\"https:\/\/www.waterologies.com\/es\/wp-json\/wp\/v2\/pages\/43\/page\/2\/\"><i class=\"fa fa-angle-right\"><\/i><\/a><\/li>\n<\/ul>\n<\/div>\t\t<\/div>\n\n\t\t<\/div>\n\t  <\/div><\/div>\n","protected":false},"excerpt":{"rendered":"Waterologies desenvolupa solucions t\u00e8cniques avan\u00e7ades per processos industrials intensius en l'\u00fas de l'aigua. Les problem\u00e0tiques espec\u00edfiques del sector adober, amb c\u00e0rregues elevades de salinitat, mat\u00e8ria org\u00e0nica i s\u00f2lids suspesos fan que els reptes de recirculaci\u00f3 i de minimitzaci\u00f3 en l'impacte dels efluents requereixin les tecnologies m\u00e9s acurades i innovadores. [bctt tweet=\"Les problem\u00e0tiques espec\u00edfique del sector<a class=\"grve-read-more\" href=\"https:\/\/www.waterologies.com\/es\/solucions-waterologies-per-la-industria-de-la-pell\/\">read more<\/a>","protected":false},"author":1,"featured_media":0,"parent":0,"menu_order":0,"comment_status":"closed","ping_status":"closed","template":"","meta":[],"_links":{"self":[{"href":"https:\/\/www.waterologies.com\/wp-json\/wp\/v2\/pages\/43"}],"collection":[{"href":"https:\/\/www.waterologies.com\/wp-json\/wp\/v2\/pages"}],"about":[{"href":"https:\/\/www.waterologies.com\/wp-json\/wp\/v2\/types\/page"}],"author":[{"embeddable":true,"href":"https:\/\/www.waterologies.com\/wp-json\/wp\/v2\/users\/1"}],"replies":[{"embeddable":true,"href":"https:\/\/www.waterologies.com\/wp-json\/wp\/v2\/comments?post=43"}],"version-history":[{"count":12,"href":"https:\/\/www.waterologies.com\/wp-json\/wp\/v2\/pages\/43\/revisions"}],"predecessor-version":[{"id":564,"href":"https:\/\/www.waterologies.com\/wp-json\/wp\/v2\/pages\/43\/revisions\/564"}],"wp:attachment":[{"href":"https:\/\/www.waterologies.com\/wp-json\/wp\/v2\/media?parent=43"}],"curies":[{"name":"wp","href":"https:\/\/api.w.org\/{rel}","templated":true}]}}