{"id":67,"date":"2015-09-30T08:42:00","date_gmt":"2015-09-30T08:42:00","guid":{"rendered":"http:\/\/waterologies.instint.net\/www\/?page_id=67"},"modified":"2021-07-19T17:29:47","modified_gmt":"2021-07-19T15:29:47","slug":"agua-tecnologia","status":"publish","type":"page","link":"https:\/\/www.waterologies.com\/es\/waterologies\/agua-tecnologia\/","title":{"rendered":"Misi\u00f3n"},"content":{"rendered":"<div  class=\"grve-section\" >  <div class=\"grve-row\">\n\t\t<div class=\"wpb_column grve-column-1\">\n\t\t\t<div class=\"grve-element grve-slogan grve-align-center\" style=\"\"><h3 class=\"grve-slogan-title grve-align-center grve-title-line\">Somos expertos en tecnolog\u00eda de tratamiento del agua<\/h3>  <p>El agua no es s\u00f3lo un bien escaso: es una necesidad vital para nuestra supervivencia como especie. Somos agua. Por eso ponemos todo nuestro conocimiento y esfuerzo en preservarla.<\/p><\/div>\n\t\t<\/div>\n\t  <\/div><\/div><div  class=\"grve-section\" >  <div class=\"grve-row\">\n\t\t<div class=\"wpb_column grve-column-1-2\">\n\t\t\t  <hr class=\"grve-element grve-space-divider  \" style=\"padding-top: 50px;\"><div class=\"grve-element grve-image grve-align-center grve-animated-item fadeInLeft\" style=\"\" data-delay=\"200\">  <img alt=\"\" src=\"https:\/\/www.waterologies.com\/www\/wp-content\/uploads\/2015\/09\/agua-embotellada-waterologies.jpg\" width=\"1159\" height=\"804\"><\/div>\n\t\t<\/div>\n\t\n\t\t<div class=\"wpb_column grve-column-1-2\">\n\t\t\t<div class=\"grve-element grve-text\">\t\t\n\t\t\t<h4><b>Sabemos cu\u00e1l es el problema:<\/b><\/h4>\n<p><b>En las pr\u00f3ximas d\u00e9cadas, el crecimiento de la poblaci\u00f3n y las zonas donde se dar\u00e1 preferentemente situar\u00e1n en un punto cr\u00edtico las necesidades de agua. Con las tecnolog\u00edas agrarias actuales y las que previsiblemente se pueden desarrollar en un futuro a medio plazo, hay que esperar un incremento del 400% en la demanda mundial de agua dulce. <\/b><\/p>\n\t\n\t\t<\/div>\n\t<blockquote class=\"grve-element grve-style-2\" style=\"\"><p>El aprovechamiento \u00f3ptimo y el aseguramiento sanitario del agua disponible es una necesidad inexcusable y de urgente resoluci\u00f3n.<\/p><\/blockquote><div  class=\"grve-row\">\n\t\t<div class=\"wpb_column grve-column-1-4\">\n\t\t\t<div class=\"grve-element grve-text\">\t\t\n\t\t\t<h3 style=\"text-align: right;\"><span style=\"color: #077bcc;\">2013<\/span><\/h3>\n\t\n\t\t<\/div>\n\t\n\t\t<\/div>\n\t\n\t\t<div class=\"wpb_column grve-column-3-4\">\n\t\t\t<blockquote class=\"grve-element\" style=\"\"><p> Waterologies se construy\u00f3 en 2013 tras obtener el reconocimiento del \u00ab<a href=\"https:\/\/www.youtube.com\/watch?v=tLUZ4IVb_p4\">premio Deloitte a la contribuci\u00f3n social del XVIII F\u00f2rum d&#8217;Inversi\u00f3<\/a>\u00ab. Waterologies gan\u00f3 este premio al proyecto con mayor impacto social esperado en la reutilizaci\u00f3n del agua. <\/p><\/blockquote>\n\t\t<\/div>\n\t<\/div>  <hr class=\"grve-element grve-space-divider  \" style=\"\"><div  class=\"grve-row\">\n\t\t<div class=\"wpb_column grve-column-1-4\">\n\t\t\t<div class=\"grve-element grve-text\">\t\t\n\t\t\t<h3 style=\"text-align: right;\"><span style=\"color: #077bcc;\">2015<\/span><\/h3>\n\t\n\t\t<\/div>\n\t\n\t\t<\/div>\n\t\n\t\t<div class=\"wpb_column grve-column-3-4\">\n\t\t\t<blockquote class=\"grve-element\" style=\"\"><p> En 2015 fuimos la \u00fanica empresa innovadora espa\u00f1ola seleccionada para exponer nuestros equipos en el Global Showcase de Los \u00c1ngeles.<\/p><\/blockquote>\n\t\t<\/div>\n\t<\/div>  <hr class=\"grve-element grve-space-divider  \" style=\"\"><div  class=\"grve-row\">\n\t\t<div class=\"wpb_column grve-column-1-4\">\n\t\t\t<div class=\"grve-element grve-text\">\t\t\n\t\t\t<h3 style=\"text-align: right;\"><span style=\"color: #077bcc;\">2016<\/span><\/h3>\n\t\n\t\t<\/div>\n\t\n\t\t<\/div>\n\t\n\t\t<div class=\"wpb_column grve-column-3-4\">\n\t\t\t<blockquote class=\"grve-element\" style=\"\"><p> En 2016 participamos en Smart Cities y la gente de TechCrunch escribi\u00f3 un art\u00edculo sobre nosotros. <\/p><\/blockquote>\n\t\t<\/div>\n\t<\/div>  <hr class=\"grve-element grve-space-divider  \" style=\"\"><div  class=\"grve-row\">\n\t\t<div class=\"wpb_column grve-column-1-4\">\n\t\t\t<div class=\"grve-element grve-text\">\t\t\n\t\t\t<h3 style=\"text-align: right;\"><span style=\"color: #077bcc;\">2017<\/span><\/h3>\n\t\n\t\t<\/div>\n\t\n\t\t<\/div>\n\t\n\t\t<div class=\"wpb_column grve-column-3-4\">\n\t\t\t<blockquote class=\"grve-element\" style=\"\"><p>En 2017 participamos en H2O Challenge Panam\u00e1 City. El IE Business School nos nombr\u00f3 como una de las diez startups del sector del agua con mayor proyecci\u00f3n a nivel mundial. \u00a1La \u00fanica europea!<\/p><\/blockquote>\n\t\t<\/div>\n\t<\/div>  <hr class=\"grve-element grve-space-divider  \" style=\"\"><div  class=\"grve-row\">\n\t\t<div class=\"wpb_column grve-column-1-4\">\n\t\t\t<div class=\"grve-element grve-text\">\t\t\n\t\t\t<h3 style=\"text-align: right;\"><span style=\"color: #077bcc;\">2019<\/span><\/h3>\n\t\n\t\t<\/div>\n\t\n\t\t<\/div>\n\t\n\t\t<div class=\"wpb_column grve-column-3-4\">\n\t\t\t<blockquote class=\"grve-element\" style=\"\"><p>En 2019 fuimos invitados por el European American Enterprise Council al CES de Las Vegas.<\/p><\/blockquote>\n\t\t<\/div>\n\t<\/div>  <hr class=\"grve-element grve-space-divider  \" style=\"\"><div  class=\"grve-row\">\n\t\t<div class=\"wpb_column grve-column-1-4\">\n\t\t\t<div class=\"grve-element grve-text\">\t\t\n\t\t\t<h3 style=\"text-align: right;\"><span style=\"color: #077bcc;\">2021<\/span><\/h3>\n\t\n\t\t<\/div>\n\t\n\t\t<\/div>\n\t\n\t\t<div class=\"wpb_column grve-column-3-4\">\n\t\t\t<blockquote class=\"grve-element\" style=\"\"><p>En 2021, Pure Water Box obtuvo las patentes estadounidenses y europeas. <\/p><\/blockquote>\n\t\t<\/div>\n\t<\/div>\n\t\t<\/div>\n\t  <\/div><\/div>\n\n","protected":false},"excerpt":{"rendered":"Somos expertos en tecnolog\u00eda de tratamiento del agua El agua no es s\u00f3lo un bien escaso: es una necesidad vital para nuestra supervivencia como especie. Somos agua. Por eso ponemos todo nuestro conocimiento y esfuerzo en preservarla. Sabemos cu\u00e1l es el problema: En las pr\u00f3ximas d\u00e9cadas, el crecimiento de la poblaci\u00f3n y las zonas donde<a class=\"grve-read-more\" href=\"https:\/\/www.waterologies.com\/es\/waterologies\/agua-tecnologia\/\">read more<\/a>","protected":false},"author":1,"featured_media":0,"parent":39,"menu_order":0,"comment_status":"closed","ping_status":"closed","template":"","meta":[],"_links":{"self":[{"href":"https:\/\/www.waterologies.com\/wp-json\/wp\/v2\/pages\/67"}],"collection":[{"href":"https:\/\/www.waterologies.com\/wp-json\/wp\/v2\/pages"}],"about":[{"href":"https:\/\/www.waterologies.com\/wp-json\/wp\/v2\/types\/page"}],"author":[{"embeddable":true,"href":"https:\/\/www.waterologies.com\/wp-json\/wp\/v2\/users\/1"}],"replies":[{"embeddable":true,"href":"https:\/\/www.waterologies.com\/wp-json\/wp\/v2\/comments?post=67"}],"version-history":[{"count":32,"href":"https:\/\/www.waterologies.com\/wp-json\/wp\/v2\/pages\/67\/revisions"}],"predecessor-version":[{"id":2776,"href":"https:\/\/www.waterologies.com\/wp-json\/wp\/v2\/pages\/67\/revisions\/2776"}],"up":[{"embeddable":true,"href":"https:\/\/www.waterologies.com\/wp-json\/wp\/v2\/pages\/39"}],"wp:attachment":[{"href":"https:\/\/www.waterologies.com\/wp-json\/wp\/v2\/media?parent=67"}],"curies":[{"name":"wp","href":"https:\/\/api.w.org\/{rel}","templated":true}]}}