{"id":73,"date":"2015-09-30T08:43:03","date_gmt":"2015-09-30T08:43:03","guid":{"rendered":"http:\/\/waterologies.instint.net\/www\/?page_id=73"},"modified":"2021-06-21T15:50:37","modified_gmt":"2021-06-21T13:50:37","slug":"camposdeaplicacion","status":"publish","type":"page","link":"https:\/\/www.waterologies.com\/es\/productos\/camposdeaplicacion\/","title":{"rendered":"Campos de aplicaci\u00f3n"},"content":{"rendered":"<p><span style=\"font-weight: 400;\"><div  class=\"grve-section\" >  <div class=\"grve-row\">\n\t\t<div class=\"wpb_column grve-column-1-2\">\n\t\t\t<div  class=\"grve-row\">\n\t\t<div class=\"wpb_column grve-column-1-4\">\n\t\t\t<div class=\"grve-element grve-icon-box grve-align-center grve-animated-item fadeInLeft\" style=\"\" data-delay=\"200\">  <div class=\"grve-icon fa fa-medkit\"><\/div>  <div class=\"grve-box-content\">      <h5 class=\"grve-box-title\"><\/h5>    <p><\/p>  <\/div><\/div>\n\t\t<\/div>\n\t\n\t\t<div class=\"wpb_column grve-column-3-4\">\n\t\t\t  <hr class=\"grve-element grve-space-divider  \" style=\"\"><h4 class=\"grve-element grve-align-left grve-title-line\" style=\"\">SANIDAD<\/h4>\n\t\t<\/div>\n\t<\/div><h5 class=\"grve-element grve-align-center grve-title-no-line\" style=\"\">Hospitales. Servicios sanitarios y \u00e1reas de desinfecci\u00f3n de superficies. Productos farmac\u00e9uticos.<\/h5>\u00a0 <div  class=\"grve-row\">\n\t\t<div class=\"wpb_column grve-column-1-2\">\n\t\t\t<div class=\"grve-element grve-image grve-align-center\" style=\"\">  <img alt=\"\" src=\"https:\/\/www.waterologies.com\/www\/wp-content\/uploads\/2016\/07\/Captura-de-pantalla-2016-07-18-a-les-18.03.49.jpg\" width=\"1818\" height=\"1212\"><\/div>\n\t\t<\/div>\n\t\n\t\t<div class=\"wpb_column grve-column-1-2\">\n\t\t\t\n\t\t\t<div class=\"grve-element grve-list grve-list-check \" style=\"\">\n\t\t\t\t<\/span><\/p>\n<ul>\n<li style=\"font-weight: 400;\" aria-level=\"1\">Desinfecci\u00f3n y esterilizaci\u00f3n segura y econ\u00f3mica de cualquier objeto.<\/li>\n<li style=\"font-weight: 400;\" aria-level=\"1\">Eliminaci\u00f3n del biofilm de las superficies interiores de las tuber\u00edas.<\/li>\n<li style=\"font-weight: 400;\" aria-level=\"1\">Eliminaci\u00f3n de olores.<\/li>\n<li style=\"font-weight: 400;\" aria-level=\"1\">Eliminaci\u00f3n de moho y hongos.<\/li>\n<\/ul>\n<p><span style=\"font-weight: 400;\">\n\t\t\t<\/div>\n\t\t\n\t\t<\/div>\n\t<\/div>  <hr class=\"grve-element grve-space-divider  \" style=\"\">\n\t\t\t<div class=\"grve-element grve-list grve-list-check \" style=\"\">\n\t\t\t\t<\/span><\/p>\n<p>\n\t\t\t<\/div>\n<p>\n\t\t<\/div>\n\t\n\t\t<div class=\"wpb_column grve-column-1-2\">\n\t\t\t<div  class=\"grve-row\">\n\t\t<div class=\"wpb_column grve-column-1-4\">\n\t\t\t<div class=\"grve-element grve-icon-box grve-align-center grve-animated-item fadeInRight\" style=\"\" data-delay=\"200\">  <div class=\"grve-icon fa fa-suitcase\"><\/div>  <div class=\"grve-box-content\">      <h5 class=\"grve-box-title\"><\/h5>    <p><\/p>  <\/div><\/div>\n\t\t<\/div>\n\t\n\t\t<div class=\"wpb_column grve-column-3-4\">\n\t\t\t  <hr class=\"grve-element grve-space-divider  \" style=\"\"><h4 class=\"grve-element grve-align-left grve-title-line\" style=\"\">OCIO<\/h4>\n\t\t<\/div>\n\t<\/div><h5 class=\"grve-element grve-align-center grve-title-no-line\" style=\"\">Wellness, spa, tratamiento del agua en hoteles, restaurantes, torres de refrigeraci\u00f3n y aire acondicionado.<\/h5> <div  class=\"grve-row\"> \n\t\t<div class=\"wpb_column grve-column-1-2\">\n\t\t\t <div class=\"grve-element grve-image grve-align-center\" style=\"\">  <img alt=\"\" src=\"https:\/\/www.waterologies.com\/www\/wp-content\/uploads\/2016\/07\/Captura-de-pantalla-2016-07-18-a-les-18.05.18.jpg\" width=\"1574\" height=\"1048\"><\/div> \n\t\t<\/div>\n\t \n\t\t<div class=\"wpb_column grve-column-1-2\">\n\t\t\t\n\t\t\t<div class=\"grve-element grve-list grve-list-check \" style=\"\">\n\t\t\t\t<\/p>\n<ul>\n<li>Desinfecci\u00f3n sin irritaci\u00f3n para los usuarios de la piscina.<\/li>\n<li>Reducci\u00f3n del uso de cloro.<\/li>\n<li>Evitar la formaci\u00f3n de biofilm en los elementos filtrantes de la piscina.<\/li>\n<li>Reducci\u00f3n de los costes de desinfecci\u00f3n.<\/li>\n<\/ul>\n<p>\n\t\t\t<\/div>\n\t\t\n\t\t<\/div>\n\t<\/div>\n\t\t\t<div class=\"grve-element grve-list grve-list-check \" style=\"\">\n\t\t\t\t<\/p>\n<p>\n\t\t\t<\/div>\n\t\t\n\t\t<\/div>\n\t  <\/div><\/div><div  class=\"grve-section\" >  <div class=\"grve-row\">\n\t\t<div class=\"wpb_column grve-column-1-2\">\n\t\t\t<div  class=\"grve-row\">\n\t\t<div class=\"wpb_column grve-column-1-4\">\n\t\t\t<div class=\"grve-element grve-icon-box grve-align-center grve-animated-item fadeInLeft\" style=\"\" data-delay=\"200\">  <div class=\"grve-icon fa fa-cutlery\"><\/div>  <div class=\"grve-box-content\">      <h5 class=\"grve-box-title\"><\/h5>    <p><\/p>  <\/div><\/div>\n\t\t<\/div>\n\t\n\t\t<div class=\"wpb_column grve-column-3-4\">\n\t\t\t  <hr class=\"grve-element grve-space-divider  \" style=\"\"><h4 class=\"grve-element grve-align-left grve-title-line\" style=\"\">ALIMENTACI\u00d3N<\/h4>\n\t\t<\/div>\n\t<\/div><h5 class=\"grve-element grve-align-center grve-title-no-line\" style=\"\">Agricultura, ganader\u00eda, acuicultura, vino, bebidas. Conservaci\u00f3n de alimentos, almacenamiento en fr\u00edo, mataderos.<\/h5><div  class=\"grve-row\">\n\t\t<div class=\"wpb_column grve-column-1-2\">\n\t\t\t<div class=\"grve-element grve-image grve-align-center\" style=\"\">  <img alt=\"\" src=\"https:\/\/www.waterologies.com\/www\/wp-content\/uploads\/2016\/07\/Captura-de-pantalla-2016-07-18-a-les-18.05.00.jpg\" width=\"1796\" height=\"1198\"><\/div>\n\t\t<\/div>\n\t\n\t\t<div class=\"wpb_column grve-column-1-2\">\n\t\t\t\n\t\t\t<div class=\"grve-element grve-list grve-list-check \" style=\"\">\n\t\t\t\t<\/p>\n<ul>\n<li>Mejora de la calidad y ampliaci\u00f3n de la fecha de caducidad de los productos.<\/li>\n<li>Limpieza y desinfecci\u00f3n de maquinaria en f\u00e1bricas de alimentos.<\/li>\n<li>Eliminaci\u00f3n de olores y moho.Eliminaci\u00f3n del biofilm en la superficie interior de las tuber\u00edas.<\/li>\n<\/ul>\n<p>\n\t\t\t<\/div>\n\t\t\n\t\t<\/div>\n\t<\/div>  <hr class=\"grve-element grve-space-divider  \" style=\"\">\n\t\t\t<div class=\"grve-element grve-list grve-list-check \" style=\"\">\n\t\t\t\t<\/p>\n<p>\n\t\t\t<\/div>\n\t\t\n\t\t<\/div>\n\t\n\t\t<div class=\"wpb_column grve-column-1-2\">\n\t\t\t<div  class=\"grve-row\">\n\t\t<div class=\"wpb_column grve-column-1-4\">\n\t\t\t<div class=\"grve-element grve-icon-box grve-align-center grve-animated-item fadeInDown\" style=\"\" data-delay=\"200\">  <div class=\"grve-icon fa fa-flask\"><\/div>  <div class=\"grve-box-content\">      <h5 class=\"grve-box-title\"><\/h5>    <p><\/p>  <\/div><\/div>\n\t\t<\/div>\n\t\n\t\t<div class=\"wpb_column grve-column-3-4\">\n\t\t\t  <hr class=\"grve-element grve-space-divider  \" style=\"\"><h4 class=\"grve-element grve-align-left grve-title-line\" style=\"\">INDUSTRIA<\/h4>\n\t\t<\/div>\n\t<\/div><h5 class=\"grve-element grve-align-center grve-title-no-line\" style=\"\">Tratamiento de efluentes de aguas industriales; reutilizaci\u00f3n.<\/h5><div  class=\"grve-row\">\n\t\t<div class=\"wpb_column grve-column-1-2\">\n\t\t\t<div class=\"grve-element grve-image grve-align-left\" style=\"\">  <img alt=\"\" src=\"https:\/\/www.waterologies.com\/www\/wp-content\/uploads\/2016\/07\/Captura-de-pantalla-2016-07-18-a-les-18.06.10.jpg\" width=\"1806\" height=\"1204\"><\/div>\n\t\t<\/div>\n\t\n\t\t<div class=\"wpb_column grve-column-1-2\">\n\t\t\t\n\t\t\t<div class=\"grve-element grve-list grve-list-check \" style=\"\">\n\t\t\t\t<\/p>\n<ul>\n<li>Desinfecci\u00f3n del agua que circula en las torres de refrigeraci\u00f3n y de los efluentes con presencia de helmintos.<\/li>\n<li>Eliminaci\u00f3n de los olores.<\/li>\n<li>Eliminaci\u00f3n de todos los microorganismos pat\u00f3genos, hongos, bacterias, virus y esporas de hongos.<\/li>\n<li>Reducci\u00f3n del volumen de las aguas residuales.<\/li>\n<\/ul>\n<p>\n\t\t\t<\/div>\n\t\t\n\t\t<\/div>\n\t<\/div>  <hr class=\"grve-element grve-space-divider  \" style=\"\">\n\t\t\t<div class=\"grve-element grve-list grve-list-check \" style=\"\">\n\t\t\t\t<\/p>\n<p>\n\t\t\t<\/div>\n\t\t\n\t\t<\/div>\n\t  <\/div><\/div>\n","protected":false},"excerpt":{"rendered":"SANIDAD Hospitales. Servicios sanitarios y \u00e1reas de desinfecci\u00f3n de superficies. Productos farmac\u00e9uticos.\u00a0 Desinfecci\u00f3n y esterilizaci\u00f3n segura y econ\u00f3mica de cualquier objeto. Eliminaci\u00f3n del biofilm de las superficies interiores de las tuber\u00edas. Eliminaci\u00f3n de olores. Eliminaci\u00f3n de moho y hongos. OCIO Wellness, spa, tratamiento del agua en hoteles, restaurantes, torres de refrigeraci\u00f3n y aire acondicionado. Desinfecci\u00f3n<a class=\"grve-read-more\" href=\"https:\/\/www.waterologies.com\/es\/productos\/camposdeaplicacion\/\">read more<\/a>","protected":false},"author":1,"featured_media":0,"parent":41,"menu_order":0,"comment_status":"closed","ping_status":"closed","template":"","meta":[],"_links":{"self":[{"href":"https:\/\/www.waterologies.com\/wp-json\/wp\/v2\/pages\/73"}],"collection":[{"href":"https:\/\/www.waterologies.com\/wp-json\/wp\/v2\/pages"}],"about":[{"href":"https:\/\/www.waterologies.com\/wp-json\/wp\/v2\/types\/page"}],"author":[{"embeddable":true,"href":"https:\/\/www.waterologies.com\/wp-json\/wp\/v2\/users\/1"}],"replies":[{"embeddable":true,"href":"https:\/\/www.waterologies.com\/wp-json\/wp\/v2\/comments?post=73"}],"version-history":[{"count":163,"href":"https:\/\/www.waterologies.com\/wp-json\/wp\/v2\/pages\/73\/revisions"}],"predecessor-version":[{"id":1964,"href":"https:\/\/www.waterologies.com\/wp-json\/wp\/v2\/pages\/73\/revisions\/1964"}],"up":[{"embeddable":true,"href":"https:\/\/www.waterologies.com\/wp-json\/wp\/v2\/pages\/41"}],"wp:attachment":[{"href":"https:\/\/www.waterologies.com\/wp-json\/wp\/v2\/media?parent=73"}],"curies":[{"name":"wp","href":"https:\/\/api.w.org\/{rel}","templated":true}]}}