{"id":77,"date":"2015-09-30T08:44:42","date_gmt":"2015-09-30T08:44:42","guid":{"rendered":"http:\/\/waterologies.instint.net\/www\/?page_id=77"},"modified":"2021-06-23T18:06:11","modified_gmt":"2021-06-23T16:06:11","slug":"ingenieria","status":"publish","type":"page","link":"https:\/\/www.waterologies.com\/es\/productos\/ingenieria\/","title":{"rendered":"Ingenier\u00eda"},"content":{"rendered":"<div  class=\"grve-section\" >  <div class=\"grve-row\">\n\t\t<div class=\"wpb_column grve-column-1-2\">\n\t\t\t<div class=\"grve-element grve-text\">\t\t\n\t\t\t<p><span style=\"font-weight: 400;\">Un <strong>equipo multidisciplinar<\/strong> de Ingenieros, con el aval de la experiencia de las instalaciones realizadas y el conocimiento adquirido en numerosos proyectos, selecciona las mejores tecnolog\u00edas disponibles para la configuraci\u00f3n de la planta de tratamiento de agua que mejor se ajusta a sus necesidades.<\/span><\/p>\n\t\n\t\t<\/div>\n\t<blockquote class=\"grve-element grve-animated-item moveLeft h3\" style=\"\" data-delay=\"200\"><p>Contamos con el equipo y los medios de producci\u00f3n necesarios para dar forma a la soluci\u00f3n de ingenier\u00eda, mediante plantas hidr\u00e1ulica y el\u00e9ctricamente inteligentes, compactas y modulares, con bastidor transportable para el soporte de todos los equipos de la planta, fabricadas con componentes de primera calidad, configuradas mediante un automatismo de control para que el manejo y mantenimiento de la planta sea lo m\u00e1s sencillo posible.<\/p><\/blockquote><div class=\"grve-element grve-text\">\t\t\n\t\t\t<p>Waterologies dise\u00f1a, fabrica y suministra plantas compactas de tratamiento de agua con una instalaci\u00f3n<strong> plug&amp;play<\/strong>, para una puesta en marcha inmediata. Gracias a su sencillez en la operaci\u00f3n y mantenimiento, no es necesario personal cualificado para su funcionamiento; no obstante, en los casos en que sea preciso, Waterologies cuenta con un equipo t\u00e9cnico de profesionales cualificados para llevar a cabo la puesta en marcha de estos equipos.<\/p>\n\t\n\t\t<\/div>\n\t\n\t\t<\/div>\n\t\n\t\t<div class=\"wpb_column grve-column-1-2\">\n\t\t\t<div class=\"grve-element grve-image grve-align-center\" style=\"\">  <img alt=\"\" src=\"https:\/\/www.waterologies.com\/www\/wp-content\/uploads\/2015\/09\/Ingenieria.jpg\" width=\"392\" height=\"315\"><\/div>\n\t\t<\/div>\n\t  <\/div><\/div><div  class=\"grve-section\" >  <div class=\"grve-row\">\n\t\t<div class=\"wpb_column grve-column-1\">\n\t\t\t<div class=\"grve-element grve-slogan grve-align-center grve-animated-item fadeInRight\" style=\"\" data-delay=\"200\"><div class=\"grve-slogan-subtitle\">Nuestro exclusivo sistema permite la gesti\u00f3n remota del equipo, para asegurar en todo momento un correcto funcionamiento y el adecuado mantenimiento de nuestras plantas.<\/div>  <p>Aplicamos la innovaci\u00f3n y la mejora continua para implementar las ideas que surgen en el d\u00eda a d\u00eda con nuestros clientes. Disponemos de nuestra propia tecnolog\u00eda.<\/p><\/div>\n\t\t<\/div>\n\t  <\/div><\/div><div  class=\"grve-section\" >  <div class=\"grve-row\">  <\/div><\/div>\n\n\n<p><\/p>\n","protected":false},"excerpt":{"rendered":"Un equipo multidisciplinar de Ingenieros, con el aval de la experiencia de las instalaciones realizadas y el conocimiento adquirido en numerosos proyectos, selecciona las mejores tecnolog\u00edas disponibles para la configuraci\u00f3n de la planta de tratamiento de agua que mejor se ajusta a sus necesidades. Contamos con el equipo y los medios de producci\u00f3n necesarios para<a class=\"grve-read-more\" href=\"https:\/\/www.waterologies.com\/es\/productos\/ingenieria\/\">read more<\/a>","protected":false},"author":1,"featured_media":0,"parent":41,"menu_order":0,"comment_status":"closed","ping_status":"closed","template":"","meta":[],"_links":{"self":[{"href":"https:\/\/www.waterologies.com\/wp-json\/wp\/v2\/pages\/77"}],"collection":[{"href":"https:\/\/www.waterologies.com\/wp-json\/wp\/v2\/pages"}],"about":[{"href":"https:\/\/www.waterologies.com\/wp-json\/wp\/v2\/types\/page"}],"author":[{"embeddable":true,"href":"https:\/\/www.waterologies.com\/wp-json\/wp\/v2\/users\/1"}],"replies":[{"embeddable":true,"href":"https:\/\/www.waterologies.com\/wp-json\/wp\/v2\/comments?post=77"}],"version-history":[{"count":51,"href":"https:\/\/www.waterologies.com\/wp-json\/wp\/v2\/pages\/77\/revisions"}],"predecessor-version":[{"id":2352,"href":"https:\/\/www.waterologies.com\/wp-json\/wp\/v2\/pages\/77\/revisions\/2352"}],"up":[{"embeddable":true,"href":"https:\/\/www.waterologies.com\/wp-json\/wp\/v2\/pages\/41"}],"wp:attachment":[{"href":"https:\/\/www.waterologies.com\/wp-json\/wp\/v2\/media?parent=77"}],"curies":[{"name":"wp","href":"https:\/\/api.w.org\/{rel}","templated":true}]}}